{"id":944,"date":"2023-08-29T13:23:38","date_gmt":"2023-08-29T11:23:38","guid":{"rendered":"https:\/\/www2.axel.be\/?page_id=944"},"modified":"2023-10-20T11:14:34","modified_gmt":"2023-10-20T09:14:34","slug":"materiel-services","status":"publish","type":"page","link":"https:\/\/www.axel.be\/index.php\/materiel-services\/","title":{"rendered":"Mat\u00e9riel"},"content":{"rendered":"\t\t<div data-elementor-type=\"wp-page\" data-elementor-id=\"944\" class=\"elementor elementor-944\">\n\t\t\t\t\t\t<section class=\"elementor-section elementor-top-section elementor-element elementor-element-557e56f elementor-section-boxed elementor-section-height-default elementor-section-height-default\" data-id=\"557e56f\" data-element_type=\"section\">\n\t\t\t\t\t\t<div class=\"elementor-container elementor-column-gap-default\">\n\t\t\t\t\t<div class=\"elementor-column elementor-col-100 elementor-top-column elementor-element elementor-element-2ce79c0\" data-id=\"2ce79c0\" data-element_type=\"column\">\n\t\t\t<div class=\"elementor-widget-wrap elementor-element-populated\">\n\t\t\t\t\t\t<div class=\"elementor-element elementor-element-8308aac elementor-widget elementor-widget-heading\" data-id=\"8308aac\" data-element_type=\"widget\" data-widget_type=\"heading.default\">\n\t\t\t\t<div class=\"elementor-widget-container\">\n\t\t\t\t\t<h2 class=\"elementor-heading-title elementor-size-default\">Professionnels ou particuliers : AXEL, votre partenaire informatique, vous soutient \u00e0 chaque instant<\/h2>\t\t\t\t<\/div>\n\t\t\t\t<\/div>\n\t\t\t\t\t<\/div>\n\t\t<\/div>\n\t\t\t\t\t<\/div>\n\t\t<\/section>\n\t\t\t\t<section class=\"elementor-section elementor-top-section elementor-element elementor-element-b26b6da elementor-section-boxed elementor-section-height-default elementor-section-height-default\" data-id=\"b26b6da\" data-element_type=\"section\">\n\t\t\t\t\t\t<div class=\"elementor-container elementor-column-gap-default\">\n\t\t\t\t\t<div class=\"elementor-column elementor-col-100 elementor-top-column elementor-element elementor-element-fa6fb3c\" data-id=\"fa6fb3c\" data-element_type=\"column\">\n\t\t\t<div class=\"elementor-widget-wrap elementor-element-populated\">\n\t\t\t\t\t\t<div class=\"elementor-element elementor-element-155b0b0 elementor-widget__width-initial elementor-absolute elementor-widget elementor-widget-image\" data-id=\"155b0b0\" data-element_type=\"widget\" data-settings=\"{&quot;_position&quot;:&quot;absolute&quot;}\" data-widget_type=\"image.default\">\n\t\t\t\t<div class=\"elementor-widget-container\">\n\t\t\t\t\t\t\t\t\t\t\t\t\t\t\t<img fetchpriority=\"high\" decoding=\"async\" width=\"1024\" height=\"576\" src=\"https:\/\/www.axel.be\/wp-content\/uploads\/2023\/09\/albert-stoynov-dyUp7WPu5q4-unsplash-1024x576.jpg\" class=\"attachment-large size-large wp-image-1634\" alt=\"Illustration c\u00e2blage\" srcset=\"https:\/\/www.axel.be\/wp-content\/uploads\/2023\/09\/albert-stoynov-dyUp7WPu5q4-unsplash-1024x576.jpg 1024w, https:\/\/www.axel.be\/wp-content\/uploads\/2023\/09\/albert-stoynov-dyUp7WPu5q4-unsplash-300x169.jpg 300w, https:\/\/www.axel.be\/wp-content\/uploads\/2023\/09\/albert-stoynov-dyUp7WPu5q4-unsplash-768x432.jpg 768w, https:\/\/www.axel.be\/wp-content\/uploads\/2023\/09\/albert-stoynov-dyUp7WPu5q4-unsplash-1536x864.jpg 1536w, https:\/\/www.axel.be\/wp-content\/uploads\/2023\/09\/albert-stoynov-dyUp7WPu5q4-unsplash-2048x1152.jpg 2048w, https:\/\/www.axel.be\/wp-content\/uploads\/2023\/09\/albert-stoynov-dyUp7WPu5q4-unsplash-800x450.jpg 800w\" sizes=\"(max-width: 1024px) 100vw, 1024px\" \/>\t\t\t\t\t\t\t\t\t\t\t\t\t\t\t<\/div>\n\t\t\t\t<\/div>\n\t\t\t\t<div class=\"elementor-element elementor-element-d2f6e65 elementor-widget__width-initial elementor-widget elementor-widget-text-editor\" data-id=\"d2f6e65\" data-element_type=\"widget\" data-widget_type=\"text-editor.default\">\n\t\t\t\t<div class=\"elementor-widget-container\">\n\t\t\t\t\t\t\t\t\t<p>L&rsquo;\u00e9quipe d&rsquo;AXEL peut r\u00e9pondre \u00e0 tous vos besoins.\u00a0<\/p><ul><li>Installation de votre mat\u00e9riel<\/li><li>Guidage dans votre utilisation quotidienne de l&rsquo;informatique<\/li><li>Formation \u00e0 l&rsquo;utilisation de nos produits<\/li><li>D\u00e9pannage informatique<\/li><\/ul><p>L&rsquo;informatique, en constante \u00e9volution, est un outil indispensable \u00e0 votre pratique professionnelle. L&rsquo;\u00e9quipe des d\u00e9veloppeurs d&rsquo;AXEL peut vous accompagner dans votre choix pour l&rsquo;achat de mat\u00e9riel ou de logiciels. Notre devise : vous apporter une tranquillit\u00e9 d&rsquo;esprit maximale.<\/p>\t\t\t\t\t\t\t\t<\/div>\n\t\t\t\t<\/div>\n\t\t\t\t\t<\/div>\n\t\t<\/div>\n\t\t\t\t\t<\/div>\n\t\t<\/section>\n\t\t\t\t<\/div>\n\t\t","protected":false},"excerpt":{"rendered":"<p>Professionnels ou particuliers : AXEL, votre partenaire informatique, vous soutient \u00e0 chaque instant L&rsquo;\u00e9quipe d&rsquo;AXEL peut r\u00e9pondre \u00e0 tous vos besoins. Installation de votre mat\u00e9riel Guidage dans votre utilisation quotidienne de l&rsquo;informatique Formation \u00e0 l&rsquo;utilisation de nos produits D\u00e9pannage informatique L&rsquo;informatique, en constante \u00e9volution, est un outil indispensable \u00e0 votre pratique professionnelle. L&rsquo;\u00e9quipe des d\u00e9veloppeurs [&hellip;]<\/p>\n","protected":false},"author":3,"featured_media":0,"parent":0,"menu_order":0,"comment_status":"closed","ping_status":"closed","template":"","meta":{"ocean_post_layout":"","ocean_both_sidebars_style":"","ocean_both_sidebars_content_width":0,"ocean_both_sidebars_sidebars_width":0,"ocean_sidebar":"0","ocean_second_sidebar":"0","ocean_disable_margins":"enable","ocean_add_body_class":"","ocean_shortcode_before_top_bar":"","ocean_shortcode_after_top_bar":"","ocean_shortcode_before_header":"","ocean_shortcode_after_header":"","ocean_has_shortcode":"","ocean_shortcode_after_title":"","ocean_shortcode_before_footer_widgets":"","ocean_shortcode_after_footer_widgets":"","ocean_shortcode_before_footer_bottom":"","ocean_shortcode_after_footer_bottom":"","ocean_display_top_bar":"default","ocean_display_header":"default","ocean_header_style":"","ocean_center_header_left_menu":"0","ocean_custom_header_template":"0","ocean_custom_logo":0,"ocean_custom_retina_logo":0,"ocean_custom_logo_max_width":0,"ocean_custom_logo_tablet_max_width":0,"ocean_custom_logo_mobile_max_width":0,"ocean_custom_logo_max_height":0,"ocean_custom_logo_tablet_max_height":0,"ocean_custom_logo_mobile_max_height":0,"ocean_header_custom_menu":"0","ocean_menu_typo_font_family":"0","ocean_menu_typo_font_subset":"","ocean_menu_typo_font_size":0,"ocean_menu_typo_font_size_tablet":0,"ocean_menu_typo_font_size_mobile":0,"ocean_menu_typo_font_size_unit":"px","ocean_menu_typo_font_weight":"","ocean_menu_typo_font_weight_tablet":"","ocean_menu_typo_font_weight_mobile":"","ocean_menu_typo_transform":"","ocean_menu_typo_transform_tablet":"","ocean_menu_typo_transform_mobile":"","ocean_menu_typo_line_height":0,"ocean_menu_typo_line_height_tablet":0,"ocean_menu_typo_line_height_mobile":0,"ocean_menu_typo_line_height_unit":"","ocean_menu_typo_spacing":0,"ocean_menu_typo_spacing_tablet":0,"ocean_menu_typo_spacing_mobile":0,"ocean_menu_typo_spacing_unit":"","ocean_menu_link_color":"","ocean_menu_link_color_hover":"","ocean_menu_link_color_active":"","ocean_menu_link_background":"","ocean_menu_link_hover_background":"","ocean_menu_link_active_background":"","ocean_menu_social_links_bg":"","ocean_menu_social_hover_links_bg":"","ocean_menu_social_links_color":"","ocean_menu_social_hover_links_color":"","ocean_disable_title":"default","ocean_disable_heading":"default","ocean_post_title":"","ocean_post_subheading":"","ocean_post_title_style":"","ocean_post_title_background_color":"","ocean_post_title_background":0,"ocean_post_title_bg_image_position":"","ocean_post_title_bg_image_attachment":"","ocean_post_title_bg_image_repeat":"","ocean_post_title_bg_image_size":"","ocean_post_title_height":0,"ocean_post_title_bg_overlay":0.5,"ocean_post_title_bg_overlay_color":"","ocean_disable_breadcrumbs":"default","ocean_breadcrumbs_color":"","ocean_breadcrumbs_separator_color":"","ocean_breadcrumbs_links_color":"","ocean_breadcrumbs_links_hover_color":"","ocean_display_footer_widgets":"default","ocean_display_footer_bottom":"default","ocean_custom_footer_template":"0","footnotes":""},"class_list":["post-944","page","type-page","status-publish","hentry","entry"],"yoast_head":"<!-- This site is optimized with the Yoast SEO plugin v26.4 - https:\/\/yoast.com\/wordpress\/plugins\/seo\/ -->\n<title>Mat\u00e9riel &#060; Axel Srl<\/title>\n<meta name=\"robots\" content=\"index, follow, max-snippet:-1, max-image-preview:large, max-video-preview:-1\" \/>\n<link rel=\"canonical\" href=\"https:\/\/www.axel.be\/index.php\/materiel-services\/\" \/>\n<meta property=\"og:locale\" content=\"fr_FR\" \/>\n<meta property=\"og:type\" content=\"article\" \/>\n<meta property=\"og:title\" content=\"Mat\u00e9riel &#060; Axel Srl\" \/>\n<meta property=\"og:description\" content=\"Professionnels ou particuliers : AXEL, votre partenaire informatique, vous soutient \u00e0 chaque instant L&rsquo;\u00e9quipe d&rsquo;AXEL peut r\u00e9pondre \u00e0 tous vos besoins. Installation de votre mat\u00e9riel Guidage dans votre utilisation quotidienne de l&rsquo;informatique Formation \u00e0 l&rsquo;utilisation de nos produits D\u00e9pannage informatique L&rsquo;informatique, en constante \u00e9volution, est un outil indispensable \u00e0 votre pratique professionnelle. L&rsquo;\u00e9quipe des d\u00e9veloppeurs [&hellip;]\" \/>\n<meta property=\"og:url\" content=\"https:\/\/www.axel.be\/index.php\/materiel-services\/\" \/>\n<meta property=\"og:site_name\" content=\"Axel Srl\" \/>\n<meta property=\"article:publisher\" content=\"https:\/\/www.facebook.com\/profile.php?id=100057447099628\" \/>\n<meta property=\"article:modified_time\" content=\"2023-10-20T09:14:34+00:00\" \/>\n<meta property=\"og:image\" content=\"https:\/\/www2.axel.be\/wp-content\/uploads\/2023\/09\/albert-stoynov-dyUp7WPu5q4-unsplash-1024x576.jpg\" \/>\n<meta name=\"twitter:card\" content=\"summary_large_image\" \/>\n<meta name=\"twitter:label1\" content=\"Dur\u00e9e de lecture estim\u00e9e\" \/>\n\t<meta name=\"twitter:data1\" content=\"1 minute\" \/>\n<script type=\"application\/ld+json\" class=\"yoast-schema-graph\">{\"@context\":\"https:\/\/schema.org\",\"@graph\":[{\"@type\":\"WebPage\",\"@id\":\"https:\/\/www.axel.be\/index.php\/materiel-services\/\",\"url\":\"https:\/\/www.axel.be\/index.php\/materiel-services\/\",\"name\":\"Mat\u00e9riel &#060; Axel Srl\",\"isPartOf\":{\"@id\":\"https:\/\/www.axel.be\/#website\"},\"primaryImageOfPage\":{\"@id\":\"https:\/\/www.axel.be\/index.php\/materiel-services\/#primaryimage\"},\"image\":{\"@id\":\"https:\/\/www.axel.be\/index.php\/materiel-services\/#primaryimage\"},\"thumbnailUrl\":\"https:\/\/www2.axel.be\/wp-content\/uploads\/2023\/09\/albert-stoynov-dyUp7WPu5q4-unsplash-1024x576.jpg\",\"datePublished\":\"2023-08-29T11:23:38+00:00\",\"dateModified\":\"2023-10-20T09:14:34+00:00\",\"breadcrumb\":{\"@id\":\"https:\/\/www.axel.be\/index.php\/materiel-services\/#breadcrumb\"},\"inLanguage\":\"fr-FR\",\"potentialAction\":[{\"@type\":\"ReadAction\",\"target\":[\"https:\/\/www.axel.be\/index.php\/materiel-services\/\"]}]},{\"@type\":\"ImageObject\",\"inLanguage\":\"fr-FR\",\"@id\":\"https:\/\/www.axel.be\/index.php\/materiel-services\/#primaryimage\",\"url\":\"https:\/\/www2.axel.be\/wp-content\/uploads\/2023\/09\/albert-stoynov-dyUp7WPu5q4-unsplash-1024x576.jpg\",\"contentUrl\":\"https:\/\/www2.axel.be\/wp-content\/uploads\/2023\/09\/albert-stoynov-dyUp7WPu5q4-unsplash-1024x576.jpg\"},{\"@type\":\"BreadcrumbList\",\"@id\":\"https:\/\/www.axel.be\/index.php\/materiel-services\/#breadcrumb\",\"itemListElement\":[{\"@type\":\"ListItem\",\"position\":1,\"name\":\"Accueil\",\"item\":\"https:\/\/www.axel.be\/\"},{\"@type\":\"ListItem\",\"position\":2,\"name\":\"Mat\u00e9riel\"}]},{\"@type\":\"WebSite\",\"@id\":\"https:\/\/www.axel.be\/#website\",\"url\":\"https:\/\/www.axel.be\/\",\"name\":\"Axel Srl\",\"description\":\"Informatique\",\"publisher\":{\"@id\":\"https:\/\/www.axel.be\/#organization\"},\"potentialAction\":[{\"@type\":\"SearchAction\",\"target\":{\"@type\":\"EntryPoint\",\"urlTemplate\":\"https:\/\/www.axel.be\/?s={search_term_string}\"},\"query-input\":{\"@type\":\"PropertyValueSpecification\",\"valueRequired\":true,\"valueName\":\"search_term_string\"}}],\"inLanguage\":\"fr-FR\"},{\"@type\":\"Organization\",\"@id\":\"https:\/\/www.axel.be\/#organization\",\"name\":\"Axel Srl\",\"url\":\"https:\/\/www.axel.be\/\",\"logo\":{\"@type\":\"ImageObject\",\"inLanguage\":\"fr-FR\",\"@id\":\"https:\/\/www.axel.be\/#\/schema\/logo\/image\/\",\"url\":\"https:\/\/www.axel.be\/wp-content\/uploads\/2024\/05\/cropped-Logo-Axel-2023_500px.jpg\",\"contentUrl\":\"https:\/\/www.axel.be\/wp-content\/uploads\/2024\/05\/cropped-Logo-Axel-2023_500px.jpg\",\"width\":500,\"height\":390,\"caption\":\"Axel Srl\"},\"image\":{\"@id\":\"https:\/\/www.axel.be\/#\/schema\/logo\/image\/\"},\"sameAs\":[\"https:\/\/www.facebook.com\/profile.php?id=100057447099628\",\"https:\/\/www.linkedin.com\/company\/axel-sprl\/?viewAsMember=true\"]}]}<\/script>\n<!-- \/ Yoast SEO plugin. -->","yoast_head_json":{"title":"Mat\u00e9riel &#060; Axel Srl","robots":{"index":"index","follow":"follow","max-snippet":"max-snippet:-1","max-image-preview":"max-image-preview:large","max-video-preview":"max-video-preview:-1"},"canonical":"https:\/\/www.axel.be\/index.php\/materiel-services\/","og_locale":"fr_FR","og_type":"article","og_title":"Mat\u00e9riel &#060; Axel Srl","og_description":"Professionnels ou particuliers : AXEL, votre partenaire informatique, vous soutient \u00e0 chaque instant L&rsquo;\u00e9quipe d&rsquo;AXEL peut r\u00e9pondre \u00e0 tous vos besoins. Installation de votre mat\u00e9riel Guidage dans votre utilisation quotidienne de l&rsquo;informatique Formation \u00e0 l&rsquo;utilisation de nos produits D\u00e9pannage informatique L&rsquo;informatique, en constante \u00e9volution, est un outil indispensable \u00e0 votre pratique professionnelle. L&rsquo;\u00e9quipe des d\u00e9veloppeurs [&hellip;]","og_url":"https:\/\/www.axel.be\/index.php\/materiel-services\/","og_site_name":"Axel Srl","article_publisher":"https:\/\/www.facebook.com\/profile.php?id=100057447099628","article_modified_time":"2023-10-20T09:14:34+00:00","og_image":[{"url":"https:\/\/www2.axel.be\/wp-content\/uploads\/2023\/09\/albert-stoynov-dyUp7WPu5q4-unsplash-1024x576.jpg","type":"","width":"","height":""}],"twitter_card":"summary_large_image","twitter_misc":{"Dur\u00e9e de lecture estim\u00e9e":"1 minute"},"schema":{"@context":"https:\/\/schema.org","@graph":[{"@type":"WebPage","@id":"https:\/\/www.axel.be\/index.php\/materiel-services\/","url":"https:\/\/www.axel.be\/index.php\/materiel-services\/","name":"Mat\u00e9riel &#060; Axel Srl","isPartOf":{"@id":"https:\/\/www.axel.be\/#website"},"primaryImageOfPage":{"@id":"https:\/\/www.axel.be\/index.php\/materiel-services\/#primaryimage"},"image":{"@id":"https:\/\/www.axel.be\/index.php\/materiel-services\/#primaryimage"},"thumbnailUrl":"https:\/\/www2.axel.be\/wp-content\/uploads\/2023\/09\/albert-stoynov-dyUp7WPu5q4-unsplash-1024x576.jpg","datePublished":"2023-08-29T11:23:38+00:00","dateModified":"2023-10-20T09:14:34+00:00","breadcrumb":{"@id":"https:\/\/www.axel.be\/index.php\/materiel-services\/#breadcrumb"},"inLanguage":"fr-FR","potentialAction":[{"@type":"ReadAction","target":["https:\/\/www.axel.be\/index.php\/materiel-services\/"]}]},{"@type":"ImageObject","inLanguage":"fr-FR","@id":"https:\/\/www.axel.be\/index.php\/materiel-services\/#primaryimage","url":"https:\/\/www2.axel.be\/wp-content\/uploads\/2023\/09\/albert-stoynov-dyUp7WPu5q4-unsplash-1024x576.jpg","contentUrl":"https:\/\/www2.axel.be\/wp-content\/uploads\/2023\/09\/albert-stoynov-dyUp7WPu5q4-unsplash-1024x576.jpg"},{"@type":"BreadcrumbList","@id":"https:\/\/www.axel.be\/index.php\/materiel-services\/#breadcrumb","itemListElement":[{"@type":"ListItem","position":1,"name":"Accueil","item":"https:\/\/www.axel.be\/"},{"@type":"ListItem","position":2,"name":"Mat\u00e9riel"}]},{"@type":"WebSite","@id":"https:\/\/www.axel.be\/#website","url":"https:\/\/www.axel.be\/","name":"Axel Srl","description":"Informatique","publisher":{"@id":"https:\/\/www.axel.be\/#organization"},"potentialAction":[{"@type":"SearchAction","target":{"@type":"EntryPoint","urlTemplate":"https:\/\/www.axel.be\/?s={search_term_string}"},"query-input":{"@type":"PropertyValueSpecification","valueRequired":true,"valueName":"search_term_string"}}],"inLanguage":"fr-FR"},{"@type":"Organization","@id":"https:\/\/www.axel.be\/#organization","name":"Axel Srl","url":"https:\/\/www.axel.be\/","logo":{"@type":"ImageObject","inLanguage":"fr-FR","@id":"https:\/\/www.axel.be\/#\/schema\/logo\/image\/","url":"https:\/\/www.axel.be\/wp-content\/uploads\/2024\/05\/cropped-Logo-Axel-2023_500px.jpg","contentUrl":"https:\/\/www.axel.be\/wp-content\/uploads\/2024\/05\/cropped-Logo-Axel-2023_500px.jpg","width":500,"height":390,"caption":"Axel Srl"},"image":{"@id":"https:\/\/www.axel.be\/#\/schema\/logo\/image\/"},"sameAs":["https:\/\/www.facebook.com\/profile.php?id=100057447099628","https:\/\/www.linkedin.com\/company\/axel-sprl\/?viewAsMember=true"]}]}},"_links":{"self":[{"href":"https:\/\/www.axel.be\/index.php\/wp-json\/wp\/v2\/pages\/944","targetHints":{"allow":["GET"]}}],"collection":[{"href":"https:\/\/www.axel.be\/index.php\/wp-json\/wp\/v2\/pages"}],"about":[{"href":"https:\/\/www.axel.be\/index.php\/wp-json\/wp\/v2\/types\/page"}],"author":[{"embeddable":true,"href":"https:\/\/www.axel.be\/index.php\/wp-json\/wp\/v2\/users\/3"}],"replies":[{"embeddable":true,"href":"https:\/\/www.axel.be\/index.php\/wp-json\/wp\/v2\/comments?post=944"}],"version-history":[{"count":38,"href":"https:\/\/www.axel.be\/index.php\/wp-json\/wp\/v2\/pages\/944\/revisions"}],"predecessor-version":[{"id":2424,"href":"https:\/\/www.axel.be\/index.php\/wp-json\/wp\/v2\/pages\/944\/revisions\/2424"}],"wp:attachment":[{"href":"https:\/\/www.axel.be\/index.php\/wp-json\/wp\/v2\/media?parent=944"}],"curies":[{"name":"wp","href":"https:\/\/api.w.org\/{rel}","templated":true}]}}