{"id":894,"date":"2023-08-29T11:42:41","date_gmt":"2023-08-29T09:42:41","guid":{"rendered":"https:\/\/www2.axel.be\/?page_id=894"},"modified":"2023-10-20T12:03:31","modified_gmt":"2023-10-20T10:03:31","slug":"jade-evras","status":"publish","type":"page","link":"https:\/\/www.axel.be\/index.php\/jade-evras\/","title":{"rendered":"JADE (EVRAS)"},"content":{"rendered":"\t\t<div data-elementor-type=\"wp-page\" data-elementor-id=\"894\" class=\"elementor elementor-894\">\n\t\t\t\t\t\t<section class=\"elementor-section elementor-top-section elementor-element elementor-element-ccf255c elementor-section-boxed elementor-section-height-default elementor-section-height-default\" data-id=\"ccf255c\" data-element_type=\"section\">\n\t\t\t\t\t\t<div class=\"elementor-container elementor-column-gap-default\">\n\t\t\t\t\t<div class=\"elementor-column elementor-col-50 elementor-top-column elementor-element elementor-element-94e95dd\" data-id=\"94e95dd\" data-element_type=\"column\">\n\t\t\t<div class=\"elementor-widget-wrap elementor-element-populated\">\n\t\t\t\t\t\t<div class=\"elementor-element elementor-element-df62bdc elementor-widget elementor-widget-text-editor\" data-id=\"df62bdc\" data-element_type=\"widget\" data-widget_type=\"text-editor.default\">\n\t\t\t\t<div class=\"elementor-widget-container\">\n\t\t\t\t\t\t\t\t\t<p><span style=\"font-family: 'Open Sans', sans-serif; font-size: 17px; font-style: normal; font-variant-ligatures: normal; font-variant-caps: normal; font-weight: 300;\">AXEL sprl a d\u00e9velopp\u00e9 sp\u00e9cifiquement un module \u00ab\u00a0EVRAS\u00a0\u00bb (Education \u00e0 la Vie Relationnelle, Affective et Sexuelle).<\/span><span style=\"font-size: 17px; color: var( --e-global-color-b2ad1cf );\"><br \/><\/span><\/p><p><span style=\"font-size: 17px; color: var( --e-global-color-b2ad1cf );\">Ce module aide les acteurs a pouvoir g\u00e9rer le suivi de leurs animations et d&rsquo;en obtenir des statistiques.\u00a0<\/span><\/p><p>Diff\u00e9rents rapports peuvent \u00eatre g\u00e9n\u00e9r\u00e9s dont un rapport cartographique des \u00e9coles.\u00a0<\/p><p><b><i>Ce module peut fonctionner en connexion avec\u00a0JADE ou ind\u00e9pendamment.\u00a0<\/i><\/b><\/p>\t\t\t\t\t\t\t\t<\/div>\n\t\t\t\t<\/div>\n\t\t\t\t\t<\/div>\n\t\t<\/div>\n\t\t\t\t<div class=\"elementor-column elementor-col-50 elementor-top-column elementor-element elementor-element-221a8dc\" data-id=\"221a8dc\" data-element_type=\"column\">\n\t\t\t<div class=\"elementor-widget-wrap elementor-element-populated\">\n\t\t\t\t\t\t<div class=\"elementor-element elementor-element-b0b384d elementor-widget elementor-widget-image\" data-id=\"b0b384d\" data-element_type=\"widget\" data-widget_type=\"image.default\">\n\t\t\t\t<div class=\"elementor-widget-container\">\n\t\t\t\t\t\t\t\t\t\t\t\t\t\t\t<img fetchpriority=\"high\" decoding=\"async\" width=\"994\" height=\"851\" src=\"https:\/\/www.axel.be\/wp-content\/uploads\/2023\/09\/Cartographie-EVRAS.png\" class=\"attachment-large size-large wp-image-2095\" alt=\"Cartographie EVRAS\" srcset=\"https:\/\/www.axel.be\/wp-content\/uploads\/2023\/09\/Cartographie-EVRAS.png 994w, https:\/\/www.axel.be\/wp-content\/uploads\/2023\/09\/Cartographie-EVRAS-300x257.png 300w, https:\/\/www.axel.be\/wp-content\/uploads\/2023\/09\/Cartographie-EVRAS-768x658.png 768w\" sizes=\"(max-width: 994px) 100vw, 994px\" \/>\t\t\t\t\t\t\t\t\t\t\t\t\t\t\t<\/div>\n\t\t\t\t<\/div>\n\t\t\t\t\t<\/div>\n\t\t<\/div>\n\t\t\t\t\t<\/div>\n\t\t<\/section>\n\t\t\t\t<\/div>\n\t\t","protected":false},"excerpt":{"rendered":"<p>AXEL sprl a d\u00e9velopp\u00e9 sp\u00e9cifiquement un module \u00ab\u00a0EVRAS\u00a0\u00bb (Education \u00e0 la Vie Relationnelle, Affective et Sexuelle). Ce module aide les acteurs a pouvoir g\u00e9rer le suivi de leurs animations et d&rsquo;en obtenir des statistiques. Diff\u00e9rents rapports peuvent \u00eatre g\u00e9n\u00e9r\u00e9s dont un rapport cartographique des \u00e9coles. Ce module peut fonctionner en connexion avec\u00a0JADE ou ind\u00e9pendamment.\u00a0<\/p>\n","protected":false},"author":3,"featured_media":0,"parent":0,"menu_order":0,"comment_status":"closed","ping_status":"closed","template":"","meta":{"ocean_post_layout":"","ocean_both_sidebars_style":"","ocean_both_sidebars_content_width":0,"ocean_both_sidebars_sidebars_width":0,"ocean_sidebar":"0","ocean_second_sidebar":"0","ocean_disable_margins":"enable","ocean_add_body_class":"","ocean_shortcode_before_top_bar":"","ocean_shortcode_after_top_bar":"","ocean_shortcode_before_header":"","ocean_shortcode_after_header":"","ocean_has_shortcode":"","ocean_shortcode_after_title":"","ocean_shortcode_before_footer_widgets":"","ocean_shortcode_after_footer_widgets":"","ocean_shortcode_before_footer_bottom":"","ocean_shortcode_after_footer_bottom":"","ocean_display_top_bar":"default","ocean_display_header":"default","ocean_header_style":"","ocean_center_header_left_menu":"0","ocean_custom_header_template":"0","ocean_custom_logo":0,"ocean_custom_retina_logo":0,"ocean_custom_logo_max_width":0,"ocean_custom_logo_tablet_max_width":0,"ocean_custom_logo_mobile_max_width":0,"ocean_custom_logo_max_height":0,"ocean_custom_logo_tablet_max_height":0,"ocean_custom_logo_mobile_max_height":0,"ocean_header_custom_menu":"0","ocean_menu_typo_font_family":"0","ocean_menu_typo_font_subset":"","ocean_menu_typo_font_size":0,"ocean_menu_typo_font_size_tablet":0,"ocean_menu_typo_font_size_mobile":0,"ocean_menu_typo_font_size_unit":"px","ocean_menu_typo_font_weight":"","ocean_menu_typo_font_weight_tablet":"","ocean_menu_typo_font_weight_mobile":"","ocean_menu_typo_transform":"","ocean_menu_typo_transform_tablet":"","ocean_menu_typo_transform_mobile":"","ocean_menu_typo_line_height":0,"ocean_menu_typo_line_height_tablet":0,"ocean_menu_typo_line_height_mobile":0,"ocean_menu_typo_line_height_unit":"","ocean_menu_typo_spacing":0,"ocean_menu_typo_spacing_tablet":0,"ocean_menu_typo_spacing_mobile":0,"ocean_menu_typo_spacing_unit":"","ocean_menu_link_color":"","ocean_menu_link_color_hover":"","ocean_menu_link_color_active":"","ocean_menu_link_background":"","ocean_menu_link_hover_background":"","ocean_menu_link_active_background":"","ocean_menu_social_links_bg":"","ocean_menu_social_hover_links_bg":"","ocean_menu_social_links_color":"","ocean_menu_social_hover_links_color":"","ocean_disable_title":"default","ocean_disable_heading":"default","ocean_post_title":"","ocean_post_subheading":"","ocean_post_title_style":"","ocean_post_title_background_color":"","ocean_post_title_background":0,"ocean_post_title_bg_image_position":"","ocean_post_title_bg_image_attachment":"","ocean_post_title_bg_image_repeat":"","ocean_post_title_bg_image_size":"","ocean_post_title_height":0,"ocean_post_title_bg_overlay":0.5,"ocean_post_title_bg_overlay_color":"","ocean_disable_breadcrumbs":"default","ocean_breadcrumbs_color":"","ocean_breadcrumbs_separator_color":"","ocean_breadcrumbs_links_color":"","ocean_breadcrumbs_links_hover_color":"","ocean_display_footer_widgets":"default","ocean_display_footer_bottom":"default","ocean_custom_footer_template":"0","footnotes":""},"class_list":["post-894","page","type-page","status-publish","hentry","entry"],"yoast_head":"<!-- This site is optimized with the Yoast SEO plugin v26.4 - https:\/\/yoast.com\/wordpress\/plugins\/seo\/ -->\n<title>JADE (EVRAS) &#060; Axel Srl<\/title>\n<meta name=\"description\" content=\"JADE dispose d&#039;un module de gestion des EVRAS. Ce module permet une analyse de ces activit\u00e9s afin de r\u00e9alis\u00e9 un cadastre.\" \/>\n<meta name=\"robots\" content=\"index, follow, max-snippet:-1, max-image-preview:large, max-video-preview:-1\" \/>\n<link rel=\"canonical\" href=\"https:\/\/www.axel.be\/index.php\/jade-evras\/\" \/>\n<meta property=\"og:locale\" content=\"fr_FR\" \/>\n<meta property=\"og:type\" content=\"article\" \/>\n<meta property=\"og:title\" content=\"JADE (EVRAS) &#060; Axel Srl\" \/>\n<meta property=\"og:description\" content=\"JADE dispose d&#039;un module de gestion des EVRAS. Ce module permet une analyse de ces activit\u00e9s afin de r\u00e9alis\u00e9 un cadastre.\" \/>\n<meta property=\"og:url\" content=\"https:\/\/www.axel.be\/index.php\/jade-evras\/\" \/>\n<meta property=\"og:site_name\" content=\"Axel Srl\" \/>\n<meta property=\"article:publisher\" content=\"https:\/\/www.facebook.com\/profile.php?id=100057447099628\" \/>\n<meta property=\"article:modified_time\" content=\"2023-10-20T10:03:31+00:00\" \/>\n<meta property=\"og:image\" content=\"https:\/\/www2.axel.be\/wp-content\/uploads\/2023\/09\/Cartographie-EVRAS.png\" \/>\n<meta name=\"twitter:card\" content=\"summary_large_image\" \/>\n<meta name=\"twitter:label1\" content=\"Dur\u00e9e de lecture estim\u00e9e\" \/>\n\t<meta name=\"twitter:data1\" content=\"1 minute\" \/>\n<script type=\"application\/ld+json\" class=\"yoast-schema-graph\">{\"@context\":\"https:\/\/schema.org\",\"@graph\":[{\"@type\":\"WebPage\",\"@id\":\"https:\/\/www.axel.be\/index.php\/jade-evras\/\",\"url\":\"https:\/\/www.axel.be\/index.php\/jade-evras\/\",\"name\":\"JADE (EVRAS) &#060; Axel Srl\",\"isPartOf\":{\"@id\":\"https:\/\/www.axel.be\/#website\"},\"primaryImageOfPage\":{\"@id\":\"https:\/\/www.axel.be\/index.php\/jade-evras\/#primaryimage\"},\"image\":{\"@id\":\"https:\/\/www.axel.be\/index.php\/jade-evras\/#primaryimage\"},\"thumbnailUrl\":\"https:\/\/www2.axel.be\/wp-content\/uploads\/2023\/09\/Cartographie-EVRAS.png\",\"datePublished\":\"2023-08-29T09:42:41+00:00\",\"dateModified\":\"2023-10-20T10:03:31+00:00\",\"description\":\"JADE dispose d'un module de gestion des EVRAS. Ce module permet une analyse de ces activit\u00e9s afin de r\u00e9alis\u00e9 un cadastre.\",\"breadcrumb\":{\"@id\":\"https:\/\/www.axel.be\/index.php\/jade-evras\/#breadcrumb\"},\"inLanguage\":\"fr-FR\",\"potentialAction\":[{\"@type\":\"ReadAction\",\"target\":[\"https:\/\/www.axel.be\/index.php\/jade-evras\/\"]}]},{\"@type\":\"ImageObject\",\"inLanguage\":\"fr-FR\",\"@id\":\"https:\/\/www.axel.be\/index.php\/jade-evras\/#primaryimage\",\"url\":\"https:\/\/www2.axel.be\/wp-content\/uploads\/2023\/09\/Cartographie-EVRAS.png\",\"contentUrl\":\"https:\/\/www2.axel.be\/wp-content\/uploads\/2023\/09\/Cartographie-EVRAS.png\"},{\"@type\":\"BreadcrumbList\",\"@id\":\"https:\/\/www.axel.be\/index.php\/jade-evras\/#breadcrumb\",\"itemListElement\":[{\"@type\":\"ListItem\",\"position\":1,\"name\":\"Accueil\",\"item\":\"https:\/\/www.axel.be\/\"},{\"@type\":\"ListItem\",\"position\":2,\"name\":\"JADE (EVRAS)\"}]},{\"@type\":\"WebSite\",\"@id\":\"https:\/\/www.axel.be\/#website\",\"url\":\"https:\/\/www.axel.be\/\",\"name\":\"Axel Srl\",\"description\":\"Informatique\",\"publisher\":{\"@id\":\"https:\/\/www.axel.be\/#organization\"},\"potentialAction\":[{\"@type\":\"SearchAction\",\"target\":{\"@type\":\"EntryPoint\",\"urlTemplate\":\"https:\/\/www.axel.be\/?s={search_term_string}\"},\"query-input\":{\"@type\":\"PropertyValueSpecification\",\"valueRequired\":true,\"valueName\":\"search_term_string\"}}],\"inLanguage\":\"fr-FR\"},{\"@type\":\"Organization\",\"@id\":\"https:\/\/www.axel.be\/#organization\",\"name\":\"Axel Srl\",\"url\":\"https:\/\/www.axel.be\/\",\"logo\":{\"@type\":\"ImageObject\",\"inLanguage\":\"fr-FR\",\"@id\":\"https:\/\/www.axel.be\/#\/schema\/logo\/image\/\",\"url\":\"https:\/\/www.axel.be\/wp-content\/uploads\/2024\/05\/cropped-Logo-Axel-2023_500px.jpg\",\"contentUrl\":\"https:\/\/www.axel.be\/wp-content\/uploads\/2024\/05\/cropped-Logo-Axel-2023_500px.jpg\",\"width\":500,\"height\":390,\"caption\":\"Axel Srl\"},\"image\":{\"@id\":\"https:\/\/www.axel.be\/#\/schema\/logo\/image\/\"},\"sameAs\":[\"https:\/\/www.facebook.com\/profile.php?id=100057447099628\",\"https:\/\/www.linkedin.com\/company\/axel-sprl\/?viewAsMember=true\"]}]}<\/script>\n<!-- \/ Yoast SEO plugin. -->","yoast_head_json":{"title":"JADE (EVRAS) &#060; Axel Srl","description":"JADE dispose d'un module de gestion des EVRAS. Ce module permet une analyse de ces activit\u00e9s afin de r\u00e9alis\u00e9 un cadastre.","robots":{"index":"index","follow":"follow","max-snippet":"max-snippet:-1","max-image-preview":"max-image-preview:large","max-video-preview":"max-video-preview:-1"},"canonical":"https:\/\/www.axel.be\/index.php\/jade-evras\/","og_locale":"fr_FR","og_type":"article","og_title":"JADE (EVRAS) &#060; Axel Srl","og_description":"JADE dispose d'un module de gestion des EVRAS. Ce module permet une analyse de ces activit\u00e9s afin de r\u00e9alis\u00e9 un cadastre.","og_url":"https:\/\/www.axel.be\/index.php\/jade-evras\/","og_site_name":"Axel Srl","article_publisher":"https:\/\/www.facebook.com\/profile.php?id=100057447099628","article_modified_time":"2023-10-20T10:03:31+00:00","og_image":[{"url":"https:\/\/www2.axel.be\/wp-content\/uploads\/2023\/09\/Cartographie-EVRAS.png","type":"","width":"","height":""}],"twitter_card":"summary_large_image","twitter_misc":{"Dur\u00e9e de lecture estim\u00e9e":"1 minute"},"schema":{"@context":"https:\/\/schema.org","@graph":[{"@type":"WebPage","@id":"https:\/\/www.axel.be\/index.php\/jade-evras\/","url":"https:\/\/www.axel.be\/index.php\/jade-evras\/","name":"JADE (EVRAS) &#060; Axel Srl","isPartOf":{"@id":"https:\/\/www.axel.be\/#website"},"primaryImageOfPage":{"@id":"https:\/\/www.axel.be\/index.php\/jade-evras\/#primaryimage"},"image":{"@id":"https:\/\/www.axel.be\/index.php\/jade-evras\/#primaryimage"},"thumbnailUrl":"https:\/\/www2.axel.be\/wp-content\/uploads\/2023\/09\/Cartographie-EVRAS.png","datePublished":"2023-08-29T09:42:41+00:00","dateModified":"2023-10-20T10:03:31+00:00","description":"JADE dispose d'un module de gestion des EVRAS. Ce module permet une analyse de ces activit\u00e9s afin de r\u00e9alis\u00e9 un cadastre.","breadcrumb":{"@id":"https:\/\/www.axel.be\/index.php\/jade-evras\/#breadcrumb"},"inLanguage":"fr-FR","potentialAction":[{"@type":"ReadAction","target":["https:\/\/www.axel.be\/index.php\/jade-evras\/"]}]},{"@type":"ImageObject","inLanguage":"fr-FR","@id":"https:\/\/www.axel.be\/index.php\/jade-evras\/#primaryimage","url":"https:\/\/www2.axel.be\/wp-content\/uploads\/2023\/09\/Cartographie-EVRAS.png","contentUrl":"https:\/\/www2.axel.be\/wp-content\/uploads\/2023\/09\/Cartographie-EVRAS.png"},{"@type":"BreadcrumbList","@id":"https:\/\/www.axel.be\/index.php\/jade-evras\/#breadcrumb","itemListElement":[{"@type":"ListItem","position":1,"name":"Accueil","item":"https:\/\/www.axel.be\/"},{"@type":"ListItem","position":2,"name":"JADE (EVRAS)"}]},{"@type":"WebSite","@id":"https:\/\/www.axel.be\/#website","url":"https:\/\/www.axel.be\/","name":"Axel Srl","description":"Informatique","publisher":{"@id":"https:\/\/www.axel.be\/#organization"},"potentialAction":[{"@type":"SearchAction","target":{"@type":"EntryPoint","urlTemplate":"https:\/\/www.axel.be\/?s={search_term_string}"},"query-input":{"@type":"PropertyValueSpecification","valueRequired":true,"valueName":"search_term_string"}}],"inLanguage":"fr-FR"},{"@type":"Organization","@id":"https:\/\/www.axel.be\/#organization","name":"Axel Srl","url":"https:\/\/www.axel.be\/","logo":{"@type":"ImageObject","inLanguage":"fr-FR","@id":"https:\/\/www.axel.be\/#\/schema\/logo\/image\/","url":"https:\/\/www.axel.be\/wp-content\/uploads\/2024\/05\/cropped-Logo-Axel-2023_500px.jpg","contentUrl":"https:\/\/www.axel.be\/wp-content\/uploads\/2024\/05\/cropped-Logo-Axel-2023_500px.jpg","width":500,"height":390,"caption":"Axel Srl"},"image":{"@id":"https:\/\/www.axel.be\/#\/schema\/logo\/image\/"},"sameAs":["https:\/\/www.facebook.com\/profile.php?id=100057447099628","https:\/\/www.linkedin.com\/company\/axel-sprl\/?viewAsMember=true"]}]}},"_links":{"self":[{"href":"https:\/\/www.axel.be\/index.php\/wp-json\/wp\/v2\/pages\/894","targetHints":{"allow":["GET"]}}],"collection":[{"href":"https:\/\/www.axel.be\/index.php\/wp-json\/wp\/v2\/pages"}],"about":[{"href":"https:\/\/www.axel.be\/index.php\/wp-json\/wp\/v2\/types\/page"}],"author":[{"embeddable":true,"href":"https:\/\/www.axel.be\/index.php\/wp-json\/wp\/v2\/users\/3"}],"replies":[{"embeddable":true,"href":"https:\/\/www.axel.be\/index.php\/wp-json\/wp\/v2\/comments?post=894"}],"version-history":[{"count":121,"href":"https:\/\/www.axel.be\/index.php\/wp-json\/wp\/v2\/pages\/894\/revisions"}],"predecessor-version":[{"id":2428,"href":"https:\/\/www.axel.be\/index.php\/wp-json\/wp\/v2\/pages\/894\/revisions\/2428"}],"wp:attachment":[{"href":"https:\/\/www.axel.be\/index.php\/wp-json\/wp\/v2\/media?parent=894"}],"curies":[{"name":"wp","href":"https:\/\/api.w.org\/{rel}","templated":true}]}}