{"id":396,"date":"2023-08-24T11:15:50","date_gmt":"2023-08-24T09:15:50","guid":{"rendered":"https:\/\/www2.axel.be\/?page_id=396"},"modified":"2023-10-17T14:47:49","modified_gmt":"2023-10-17T12:47:49","slug":"caracteristiques","status":"publish","type":"page","link":"https:\/\/www.axel.be\/index.php\/caracteristiques\/","title":{"rendered":"Caract\u00e9ristiques"},"content":{"rendered":"\t\t<div data-elementor-type=\"wp-page\" data-elementor-id=\"396\" class=\"elementor elementor-396\">\n\t\t\t\t\t\t<section class=\"elementor-section elementor-top-section elementor-element elementor-element-f832559 elementor-section-boxed elementor-section-height-default elementor-section-height-default\" data-id=\"f832559\" data-element_type=\"section\">\n\t\t\t\t\t\t<div class=\"elementor-container elementor-column-gap-default\">\n\t\t\t\t\t<div class=\"elementor-column elementor-col-50 elementor-top-column elementor-element elementor-element-01b00a8\" data-id=\"01b00a8\" data-element_type=\"column\">\n\t\t\t<div class=\"elementor-widget-wrap elementor-element-populated\">\n\t\t\t\t\t\t<div class=\"elementor-element elementor-element-88a3eec elementor-widget elementor-widget-image\" data-id=\"88a3eec\" data-element_type=\"widget\" data-widget_type=\"image.default\">\n\t\t\t\t<div class=\"elementor-widget-container\">\n\t\t\t\t\t\t\t\t\t\t\t\t\t\t\t<img fetchpriority=\"high\" decoding=\"async\" width=\"1024\" height=\"628\" src=\"https:\/\/www.axel.be\/wp-content\/uploads\/2023\/08\/Capture-decran-2023-08-24-121034-1024x628.png\" class=\"attachment-large size-large wp-image-425\" alt=\"Illustration Logiciel LISA\" srcset=\"https:\/\/www.axel.be\/wp-content\/uploads\/2023\/08\/Capture-decran-2023-08-24-121034-1024x628.png 1024w, https:\/\/www.axel.be\/wp-content\/uploads\/2023\/08\/Capture-decran-2023-08-24-121034-300x184.png 300w, https:\/\/www.axel.be\/wp-content\/uploads\/2023\/08\/Capture-decran-2023-08-24-121034-768x471.png 768w, https:\/\/www.axel.be\/wp-content\/uploads\/2023\/08\/Capture-decran-2023-08-24-121034.png 1142w\" sizes=\"(max-width: 1024px) 100vw, 1024px\" \/>\t\t\t\t\t\t\t\t\t\t\t\t\t\t\t<\/div>\n\t\t\t\t<\/div>\n\t\t\t\t\t<\/div>\n\t\t<\/div>\n\t\t\t\t<div class=\"elementor-column elementor-col-50 elementor-top-column elementor-element elementor-element-7987574\" data-id=\"7987574\" data-element_type=\"column\">\n\t\t\t<div class=\"elementor-widget-wrap elementor-element-populated\">\n\t\t\t\t\t\t<div class=\"elementor-element elementor-element-cbc684c elementor-widget elementor-widget-text-editor\" data-id=\"cbc684c\" data-element_type=\"widget\" data-widget_type=\"text-editor.default\">\n\t\t\t\t<div class=\"elementor-widget-container\">\n\t\t\t\t\t\t\t\t\t<p>FULL WEB :&nbsp;<\/p>\n<p>Notre logiciel LISA est un logiciel full web, ce qui signifie qu&rsquo;il vous suffit d&rsquo;avoir un ordinateur et une connexion internet pour y avoir acc\u00e8s. Ou que vous soyez, LISA est \u00e0 votre service et \u00e0 votre port\u00e9e.<\/p>\t\t\t\t\t\t\t\t<\/div>\n\t\t\t\t<\/div>\n\t\t\t\t<div class=\"elementor-element elementor-element-b5fee97 elementor-widget elementor-widget-text-editor\" data-id=\"b5fee97\" data-element_type=\"widget\" data-widget_type=\"text-editor.default\">\n\t\t\t\t<div class=\"elementor-widget-container\">\n\t\t\t\t\t\t\t\t\t<p>CRYPTAGE &amp; SECURITE :\u00a0<\/p><p>Un maximum de donn\u00e9es sont crypt\u00e9es par une cl\u00e9 cr\u00e9\u00e9e, connue et modifiable uniquement par vous. M\u00eame les d\u00e9veloppeurs ne peuvent acc\u00e9der \u00e0 vos donn\u00e9es sensibles.\u00a0<\/p>\t\t\t\t\t\t\t\t<\/div>\n\t\t\t\t<\/div>\n\t\t\t\t<div class=\"elementor-element elementor-element-3b83f86 elementor-widget elementor-widget-text-editor\" data-id=\"3b83f86\" data-element_type=\"widget\" data-widget_type=\"text-editor.default\">\n\t\t\t\t<div class=\"elementor-widget-container\">\n\t\t\t\t\t\t\t\t\t<p>SAAS :&nbsp;<\/p>\n<p>\u00ab\u00a0Software As A Service\u00a0\u00bb : vous pouvez adapter votre abonnement aux modules et \u00e0 l&rsquo;usage que vous souhaitez en faire. Il n&rsquo;y a aucune application \u00e0 installer sur votre ordinateur et les mises \u00e0 jour sont automatiquement disponibles.&nbsp;<\/p>\t\t\t\t\t\t\t\t<\/div>\n\t\t\t\t<\/div>\n\t\t\t\t\t<\/div>\n\t\t<\/div>\n\t\t\t\t\t<\/div>\n\t\t<\/section>\n\t\t\t\t<\/div>\n\t\t","protected":false},"excerpt":{"rendered":"<p>FULL WEB :&nbsp; Notre logiciel LISA est un logiciel full web, ce qui signifie qu&rsquo;il vous suffit d&rsquo;avoir un ordinateur et une connexion internet pour y avoir acc\u00e8s. Ou que vous soyez, LISA est \u00e0 votre service et \u00e0 votre port\u00e9e. CRYPTAGE &amp; SECURITE :\u00a0 Un maximum de donn\u00e9es sont crypt\u00e9es par une cl\u00e9 cr\u00e9\u00e9e, [&hellip;]<\/p>\n","protected":false},"author":3,"featured_media":0,"parent":0,"menu_order":0,"comment_status":"closed","ping_status":"closed","template":"","meta":{"ocean_post_layout":"","ocean_both_sidebars_style":"","ocean_both_sidebars_content_width":0,"ocean_both_sidebars_sidebars_width":0,"ocean_sidebar":"0","ocean_second_sidebar":"0","ocean_disable_margins":"enable","ocean_add_body_class":"","ocean_shortcode_before_top_bar":"","ocean_shortcode_after_top_bar":"","ocean_shortcode_before_header":"","ocean_shortcode_after_header":"","ocean_has_shortcode":"","ocean_shortcode_after_title":"","ocean_shortcode_before_footer_widgets":"","ocean_shortcode_after_footer_widgets":"","ocean_shortcode_before_footer_bottom":"","ocean_shortcode_after_footer_bottom":"","ocean_display_top_bar":"default","ocean_display_header":"default","ocean_header_style":"","ocean_center_header_left_menu":"0","ocean_custom_header_template":"0","ocean_custom_logo":0,"ocean_custom_retina_logo":0,"ocean_custom_logo_max_width":0,"ocean_custom_logo_tablet_max_width":0,"ocean_custom_logo_mobile_max_width":0,"ocean_custom_logo_max_height":0,"ocean_custom_logo_tablet_max_height":0,"ocean_custom_logo_mobile_max_height":0,"ocean_header_custom_menu":"0","ocean_menu_typo_font_family":"0","ocean_menu_typo_font_subset":"","ocean_menu_typo_font_size":0,"ocean_menu_typo_font_size_tablet":0,"ocean_menu_typo_font_size_mobile":0,"ocean_menu_typo_font_size_unit":"px","ocean_menu_typo_font_weight":"","ocean_menu_typo_font_weight_tablet":"","ocean_menu_typo_font_weight_mobile":"","ocean_menu_typo_transform":"","ocean_menu_typo_transform_tablet":"","ocean_menu_typo_transform_mobile":"","ocean_menu_typo_line_height":0,"ocean_menu_typo_line_height_tablet":0,"ocean_menu_typo_line_height_mobile":0,"ocean_menu_typo_line_height_unit":"","ocean_menu_typo_spacing":0,"ocean_menu_typo_spacing_tablet":0,"ocean_menu_typo_spacing_mobile":0,"ocean_menu_typo_spacing_unit":"","ocean_menu_link_color":"","ocean_menu_link_color_hover":"","ocean_menu_link_color_active":"","ocean_menu_link_background":"","ocean_menu_link_hover_background":"","ocean_menu_link_active_background":"","ocean_menu_social_links_bg":"","ocean_menu_social_hover_links_bg":"","ocean_menu_social_links_color":"","ocean_menu_social_hover_links_color":"","ocean_disable_title":"default","ocean_disable_heading":"default","ocean_post_title":"","ocean_post_subheading":"","ocean_post_title_style":"","ocean_post_title_background_color":"","ocean_post_title_background":0,"ocean_post_title_bg_image_position":"","ocean_post_title_bg_image_attachment":"","ocean_post_title_bg_image_repeat":"","ocean_post_title_bg_image_size":"","ocean_post_title_height":0,"ocean_post_title_bg_overlay":0.5,"ocean_post_title_bg_overlay_color":"","ocean_disable_breadcrumbs":"default","ocean_breadcrumbs_color":"","ocean_breadcrumbs_separator_color":"","ocean_breadcrumbs_links_color":"","ocean_breadcrumbs_links_hover_color":"","ocean_display_footer_widgets":"default","ocean_display_footer_bottom":"default","ocean_custom_footer_template":"0","footnotes":""},"class_list":["post-396","page","type-page","status-publish","hentry","entry"],"yoast_head":"<!-- This site is optimized with the Yoast SEO plugin v26.4 - https:\/\/yoast.com\/wordpress\/plugins\/seo\/ -->\n<title>Caract\u00e9ristiques &#060; Axel Srl<\/title>\n<meta name=\"robots\" content=\"index, follow, max-snippet:-1, max-image-preview:large, max-video-preview:-1\" \/>\n<link rel=\"canonical\" href=\"https:\/\/www.axel.be\/index.php\/caracteristiques\/\" \/>\n<meta property=\"og:locale\" content=\"fr_FR\" \/>\n<meta property=\"og:type\" content=\"article\" \/>\n<meta property=\"og:title\" content=\"Caract\u00e9ristiques &#060; Axel Srl\" \/>\n<meta property=\"og:description\" content=\"FULL WEB :&nbsp; Notre logiciel LISA est un logiciel full web, ce qui signifie qu&rsquo;il vous suffit d&rsquo;avoir un ordinateur et une connexion internet pour y avoir acc\u00e8s. Ou que vous soyez, LISA est \u00e0 votre service et \u00e0 votre port\u00e9e. CRYPTAGE &amp; SECURITE :\u00a0 Un maximum de donn\u00e9es sont crypt\u00e9es par une cl\u00e9 cr\u00e9\u00e9e, [&hellip;]\" \/>\n<meta property=\"og:url\" content=\"https:\/\/www.axel.be\/index.php\/caracteristiques\/\" \/>\n<meta property=\"og:site_name\" content=\"Axel Srl\" \/>\n<meta property=\"article:publisher\" content=\"https:\/\/www.facebook.com\/profile.php?id=100057447099628\" \/>\n<meta property=\"article:modified_time\" content=\"2023-10-17T12:47:49+00:00\" \/>\n<meta property=\"og:image\" content=\"https:\/\/www2.axel.be\/wp-content\/uploads\/2023\/08\/Capture-decran-2023-08-24-121034-1024x628.png\" \/>\n<meta name=\"twitter:card\" content=\"summary_large_image\" \/>\n<meta name=\"twitter:label1\" content=\"Dur\u00e9e de lecture estim\u00e9e\" \/>\n\t<meta name=\"twitter:data1\" content=\"1 minute\" \/>\n<script type=\"application\/ld+json\" class=\"yoast-schema-graph\">{\"@context\":\"https:\/\/schema.org\",\"@graph\":[{\"@type\":\"WebPage\",\"@id\":\"https:\/\/www.axel.be\/index.php\/caracteristiques\/\",\"url\":\"https:\/\/www.axel.be\/index.php\/caracteristiques\/\",\"name\":\"Caract\u00e9ristiques &#060; Axel Srl\",\"isPartOf\":{\"@id\":\"https:\/\/www.axel.be\/#website\"},\"primaryImageOfPage\":{\"@id\":\"https:\/\/www.axel.be\/index.php\/caracteristiques\/#primaryimage\"},\"image\":{\"@id\":\"https:\/\/www.axel.be\/index.php\/caracteristiques\/#primaryimage\"},\"thumbnailUrl\":\"https:\/\/www2.axel.be\/wp-content\/uploads\/2023\/08\/Capture-decran-2023-08-24-121034-1024x628.png\",\"datePublished\":\"2023-08-24T09:15:50+00:00\",\"dateModified\":\"2023-10-17T12:47:49+00:00\",\"breadcrumb\":{\"@id\":\"https:\/\/www.axel.be\/index.php\/caracteristiques\/#breadcrumb\"},\"inLanguage\":\"fr-FR\",\"potentialAction\":[{\"@type\":\"ReadAction\",\"target\":[\"https:\/\/www.axel.be\/index.php\/caracteristiques\/\"]}]},{\"@type\":\"ImageObject\",\"inLanguage\":\"fr-FR\",\"@id\":\"https:\/\/www.axel.be\/index.php\/caracteristiques\/#primaryimage\",\"url\":\"https:\/\/www2.axel.be\/wp-content\/uploads\/2023\/08\/Capture-decran-2023-08-24-121034-1024x628.png\",\"contentUrl\":\"https:\/\/www2.axel.be\/wp-content\/uploads\/2023\/08\/Capture-decran-2023-08-24-121034-1024x628.png\"},{\"@type\":\"BreadcrumbList\",\"@id\":\"https:\/\/www.axel.be\/index.php\/caracteristiques\/#breadcrumb\",\"itemListElement\":[{\"@type\":\"ListItem\",\"position\":1,\"name\":\"Accueil\",\"item\":\"https:\/\/www.axel.be\/\"},{\"@type\":\"ListItem\",\"position\":2,\"name\":\"Caract\u00e9ristiques\"}]},{\"@type\":\"WebSite\",\"@id\":\"https:\/\/www.axel.be\/#website\",\"url\":\"https:\/\/www.axel.be\/\",\"name\":\"Axel Srl\",\"description\":\"Informatique\",\"publisher\":{\"@id\":\"https:\/\/www.axel.be\/#organization\"},\"potentialAction\":[{\"@type\":\"SearchAction\",\"target\":{\"@type\":\"EntryPoint\",\"urlTemplate\":\"https:\/\/www.axel.be\/?s={search_term_string}\"},\"query-input\":{\"@type\":\"PropertyValueSpecification\",\"valueRequired\":true,\"valueName\":\"search_term_string\"}}],\"inLanguage\":\"fr-FR\"},{\"@type\":\"Organization\",\"@id\":\"https:\/\/www.axel.be\/#organization\",\"name\":\"Axel Srl\",\"url\":\"https:\/\/www.axel.be\/\",\"logo\":{\"@type\":\"ImageObject\",\"inLanguage\":\"fr-FR\",\"@id\":\"https:\/\/www.axel.be\/#\/schema\/logo\/image\/\",\"url\":\"https:\/\/www.axel.be\/wp-content\/uploads\/2024\/05\/cropped-Logo-Axel-2023_500px.jpg\",\"contentUrl\":\"https:\/\/www.axel.be\/wp-content\/uploads\/2024\/05\/cropped-Logo-Axel-2023_500px.jpg\",\"width\":500,\"height\":390,\"caption\":\"Axel Srl\"},\"image\":{\"@id\":\"https:\/\/www.axel.be\/#\/schema\/logo\/image\/\"},\"sameAs\":[\"https:\/\/www.facebook.com\/profile.php?id=100057447099628\",\"https:\/\/www.linkedin.com\/company\/axel-sprl\/?viewAsMember=true\"]}]}<\/script>\n<!-- \/ Yoast SEO plugin. -->","yoast_head_json":{"title":"Caract\u00e9ristiques &#060; Axel Srl","robots":{"index":"index","follow":"follow","max-snippet":"max-snippet:-1","max-image-preview":"max-image-preview:large","max-video-preview":"max-video-preview:-1"},"canonical":"https:\/\/www.axel.be\/index.php\/caracteristiques\/","og_locale":"fr_FR","og_type":"article","og_title":"Caract\u00e9ristiques &#060; Axel Srl","og_description":"FULL WEB :&nbsp; Notre logiciel LISA est un logiciel full web, ce qui signifie qu&rsquo;il vous suffit d&rsquo;avoir un ordinateur et une connexion internet pour y avoir acc\u00e8s. Ou que vous soyez, LISA est \u00e0 votre service et \u00e0 votre port\u00e9e. CRYPTAGE &amp; SECURITE :\u00a0 Un maximum de donn\u00e9es sont crypt\u00e9es par une cl\u00e9 cr\u00e9\u00e9e, [&hellip;]","og_url":"https:\/\/www.axel.be\/index.php\/caracteristiques\/","og_site_name":"Axel Srl","article_publisher":"https:\/\/www.facebook.com\/profile.php?id=100057447099628","article_modified_time":"2023-10-17T12:47:49+00:00","og_image":[{"url":"https:\/\/www2.axel.be\/wp-content\/uploads\/2023\/08\/Capture-decran-2023-08-24-121034-1024x628.png","type":"","width":"","height":""}],"twitter_card":"summary_large_image","twitter_misc":{"Dur\u00e9e de lecture estim\u00e9e":"1 minute"},"schema":{"@context":"https:\/\/schema.org","@graph":[{"@type":"WebPage","@id":"https:\/\/www.axel.be\/index.php\/caracteristiques\/","url":"https:\/\/www.axel.be\/index.php\/caracteristiques\/","name":"Caract\u00e9ristiques &#060; Axel Srl","isPartOf":{"@id":"https:\/\/www.axel.be\/#website"},"primaryImageOfPage":{"@id":"https:\/\/www.axel.be\/index.php\/caracteristiques\/#primaryimage"},"image":{"@id":"https:\/\/www.axel.be\/index.php\/caracteristiques\/#primaryimage"},"thumbnailUrl":"https:\/\/www2.axel.be\/wp-content\/uploads\/2023\/08\/Capture-decran-2023-08-24-121034-1024x628.png","datePublished":"2023-08-24T09:15:50+00:00","dateModified":"2023-10-17T12:47:49+00:00","breadcrumb":{"@id":"https:\/\/www.axel.be\/index.php\/caracteristiques\/#breadcrumb"},"inLanguage":"fr-FR","potentialAction":[{"@type":"ReadAction","target":["https:\/\/www.axel.be\/index.php\/caracteristiques\/"]}]},{"@type":"ImageObject","inLanguage":"fr-FR","@id":"https:\/\/www.axel.be\/index.php\/caracteristiques\/#primaryimage","url":"https:\/\/www2.axel.be\/wp-content\/uploads\/2023\/08\/Capture-decran-2023-08-24-121034-1024x628.png","contentUrl":"https:\/\/www2.axel.be\/wp-content\/uploads\/2023\/08\/Capture-decran-2023-08-24-121034-1024x628.png"},{"@type":"BreadcrumbList","@id":"https:\/\/www.axel.be\/index.php\/caracteristiques\/#breadcrumb","itemListElement":[{"@type":"ListItem","position":1,"name":"Accueil","item":"https:\/\/www.axel.be\/"},{"@type":"ListItem","position":2,"name":"Caract\u00e9ristiques"}]},{"@type":"WebSite","@id":"https:\/\/www.axel.be\/#website","url":"https:\/\/www.axel.be\/","name":"Axel Srl","description":"Informatique","publisher":{"@id":"https:\/\/www.axel.be\/#organization"},"potentialAction":[{"@type":"SearchAction","target":{"@type":"EntryPoint","urlTemplate":"https:\/\/www.axel.be\/?s={search_term_string}"},"query-input":{"@type":"PropertyValueSpecification","valueRequired":true,"valueName":"search_term_string"}}],"inLanguage":"fr-FR"},{"@type":"Organization","@id":"https:\/\/www.axel.be\/#organization","name":"Axel Srl","url":"https:\/\/www.axel.be\/","logo":{"@type":"ImageObject","inLanguage":"fr-FR","@id":"https:\/\/www.axel.be\/#\/schema\/logo\/image\/","url":"https:\/\/www.axel.be\/wp-content\/uploads\/2024\/05\/cropped-Logo-Axel-2023_500px.jpg","contentUrl":"https:\/\/www.axel.be\/wp-content\/uploads\/2024\/05\/cropped-Logo-Axel-2023_500px.jpg","width":500,"height":390,"caption":"Axel Srl"},"image":{"@id":"https:\/\/www.axel.be\/#\/schema\/logo\/image\/"},"sameAs":["https:\/\/www.facebook.com\/profile.php?id=100057447099628","https:\/\/www.linkedin.com\/company\/axel-sprl\/?viewAsMember=true"]}]}},"_links":{"self":[{"href":"https:\/\/www.axel.be\/index.php\/wp-json\/wp\/v2\/pages\/396","targetHints":{"allow":["GET"]}}],"collection":[{"href":"https:\/\/www.axel.be\/index.php\/wp-json\/wp\/v2\/pages"}],"about":[{"href":"https:\/\/www.axel.be\/index.php\/wp-json\/wp\/v2\/types\/page"}],"author":[{"embeddable":true,"href":"https:\/\/www.axel.be\/index.php\/wp-json\/wp\/v2\/users\/3"}],"replies":[{"embeddable":true,"href":"https:\/\/www.axel.be\/index.php\/wp-json\/wp\/v2\/comments?post=396"}],"version-history":[{"count":23,"href":"https:\/\/www.axel.be\/index.php\/wp-json\/wp\/v2\/pages\/396\/revisions"}],"predecessor-version":[{"id":2438,"href":"https:\/\/www.axel.be\/index.php\/wp-json\/wp\/v2\/pages\/396\/revisions\/2438"}],"wp:attachment":[{"href":"https:\/\/www.axel.be\/index.php\/wp-json\/wp\/v2\/media?parent=396"}],"curies":[{"name":"wp","href":"https:\/\/api.w.org\/{rel}","templated":true}]}}