{"id":2238,"date":"2023-09-27T11:08:04","date_gmt":"2023-09-27T09:08:04","guid":{"rendered":"https:\/\/www2.axel.be\/?page_id=2238"},"modified":"2024-04-03T11:28:57","modified_gmt":"2024-04-03T09:28:57","slug":"politique-de-confidentialite","status":"publish","type":"page","link":"https:\/\/www.axel.be\/index.php\/politique-de-confidentialite\/","title":{"rendered":"Politique de confidentialit\u00e9"},"content":{"rendered":"\t\t<div data-elementor-type=\"wp-page\" data-elementor-id=\"2238\" class=\"elementor elementor-2238\">\n\t\t\t\t\t\t<section class=\"elementor-section elementor-top-section elementor-element elementor-element-ae8a6bb elementor-section-boxed elementor-section-height-default elementor-section-height-default\" data-id=\"ae8a6bb\" data-element_type=\"section\">\n\t\t\t\t\t\t<div class=\"elementor-container elementor-column-gap-default\">\n\t\t\t\t\t<div class=\"elementor-column elementor-col-100 elementor-top-column elementor-element elementor-element-6ee276dd\" data-id=\"6ee276dd\" data-element_type=\"column\">\n\t\t\t<div class=\"elementor-widget-wrap elementor-element-populated\">\n\t\t\t\t\t\t<div class=\"elementor-element elementor-element-4fbc2e72 elementor-widget elementor-widget-text-editor\" data-id=\"4fbc2e72\" data-element_type=\"widget\" data-widget_type=\"text-editor.default\">\n\t\t\t\t<div class=\"elementor-widget-container\">\n\t\t\t\t\t\t\t\t\t<p><\/p>\n<h2 class=\"wp-block-heading\">But de cette politique de confidentialit\u00e9&nbsp;<\/h2>\n<p><\/p>\n<p>Le but de cette politique de confidentialit\u00e9 est d&rsquo;informer les utilisateurs de notre site des donn\u00e9es personnelles que nous recueillerons ainsi que les informations suivantes le cas \u00e9ch\u00e9ant :&nbsp;<\/p>\n<p>a. L&rsquo;utilisation des donn\u00e9es recueillies<\/p>\n<p>b. La politique de cookies du site&nbsp;<\/p>\n<p>Cette politique de confidentialit\u00e9 fonctionne parall\u00e8lement aux conditions g\u00e9n\u00e9rales d&rsquo;utilisation de notre site.<\/p>\n<p><\/p>\n<h2 class=\"wp-block-heading\"><span style=\"font-size: 14px; color: var( --e-global-color-text );\">&nbsp;<\/span>Vos donn\u00e9es<\/h2>\n<p>Conform\u00e9ment \u00e0 la loi du 30 juillet 2018 relative \u00e0 la protection des donn\u00e9es personnelles, nous souhaitons vous informer que les donn\u00e9es que vous pourriez fournir via notre site web ne sont ni m\u00e9moris\u00e9es par nous, ni enregistr\u00e9es sur le site lui-m\u00eame. Nous respectons les principes de protection des donn\u00e9es et de respect de la vie priv\u00e9e conform\u00e9ment \u00e0 la l\u00e9gislation en vigueur. Les donn\u00e9es que vous fournissez, telles que vos informations de contact, sont uniquement utilis\u00e9es dans le but sp\u00e9cifique pour lequel vous les avez fournies, comme par exemple r\u00e9pondre \u00e0 vos questions ou traiter vos demandes. Une fois que ces donn\u00e9es ont rempli leur objectif, elles sont supprim\u00e9es de nos syst\u00e8me. Votre confidentialit\u00e9 est importante pour nous, et nous nous engageons \u00e0 garantir que vos donn\u00e9es personnelles sont trait\u00e9es conform\u00e9ment \u00e0 la l\u00e9gislation en vigueur en mati\u00e8re de protection des donn\u00e9es.&nbsp;<\/p>\n<div><br><\/div>\n<h2>Cookies<\/h2>\n<p><\/p>\n<p>Si vous vous rendez sur la page de connexion, un cookie temporaire sera cr\u00e9\u00e9 afin de d\u00e9terminer si votre navigateur accepte les cookies. Il ne contient pas de donn\u00e9es personnelles et sera supprim\u00e9 automatiquement \u00e0 la fermeture de votre navigateur.<\/p>\n<p><\/p>\n<p>Lorsque vous vous connecterez, nous mettrons en place un certain nombre de cookies pour enregistrer vos informations de connexion et vos pr\u00e9f\u00e9rences d\u2019\u00e9cran. La dur\u00e9e de vie d\u2019un cookie de connexion est de deux jours, celle d\u2019un cookie d\u2019option d\u2019\u00e9cran est d\u2019un an. Si vous cochez \u00ab&nbsp;Se souvenir de moi&nbsp;\u00bb, votre cookie de connexion sera conserv\u00e9 pendant deux semaines. Si vous vous d\u00e9connectez de votre compte, le cookie de connexion sera effac\u00e9.<\/p>\n<p><\/p>\n<h2 class=\"wp-block-heading\">Contact&nbsp;<\/h2>\n<div>Si vous avez des questions \u00e0 nous poser, n&rsquo;h\u00e9sitez pas \u00e0 communiquer avec nous :<br>067\/84.49.59<br>Rue de Bruxelles, 67, 1470 Genappe<br>contact@axel.be&nbsp;<\/div>\n<p><\/p>\n<p>&nbsp;<i>Date d&rsquo;entr\u00e9e en vigueur<\/i> : le 27 septembre 2023<\/p>\n<p><\/p>\t\t\t\t\t\t\t\t<\/div>\n\t\t\t\t<\/div>\n\t\t\t\t\t<\/div>\n\t\t<\/div>\n\t\t\t\t\t<\/div>\n\t\t<\/section>\n\t\t\t\t<\/div>\n\t\t","protected":false},"excerpt":{"rendered":"<p>But de cette politique de confidentialit\u00e9&nbsp; Le but de cette politique de confidentialit\u00e9 est d&rsquo;informer les utilisateurs de notre site des donn\u00e9es personnelles que nous recueillerons ainsi que les informations suivantes le cas \u00e9ch\u00e9ant :&nbsp; a. L&rsquo;utilisation des donn\u00e9es recueillies b. La politique de cookies du site&nbsp; Cette politique de confidentialit\u00e9 fonctionne parall\u00e8lement aux conditions [&hellip;]<\/p>\n","protected":false},"author":3,"featured_media":0,"parent":0,"menu_order":0,"comment_status":"closed","ping_status":"closed","template":"","meta":{"ocean_post_layout":"","ocean_both_sidebars_style":"","ocean_both_sidebars_content_width":0,"ocean_both_sidebars_sidebars_width":0,"ocean_sidebar":"","ocean_second_sidebar":"","ocean_disable_margins":"enable","ocean_add_body_class":"","ocean_shortcode_before_top_bar":"","ocean_shortcode_after_top_bar":"","ocean_shortcode_before_header":"","ocean_shortcode_after_header":"","ocean_has_shortcode":"","ocean_shortcode_after_title":"","ocean_shortcode_before_footer_widgets":"","ocean_shortcode_after_footer_widgets":"","ocean_shortcode_before_footer_bottom":"","ocean_shortcode_after_footer_bottom":"","ocean_display_top_bar":"default","ocean_display_header":"default","ocean_header_style":"","ocean_center_header_left_menu":"","ocean_custom_header_template":"","ocean_custom_logo":0,"ocean_custom_retina_logo":0,"ocean_custom_logo_max_width":0,"ocean_custom_logo_tablet_max_width":0,"ocean_custom_logo_mobile_max_width":0,"ocean_custom_logo_max_height":0,"ocean_custom_logo_tablet_max_height":0,"ocean_custom_logo_mobile_max_height":0,"ocean_header_custom_menu":"","ocean_menu_typo_font_family":"","ocean_menu_typo_font_subset":"","ocean_menu_typo_font_size":0,"ocean_menu_typo_font_size_tablet":0,"ocean_menu_typo_font_size_mobile":0,"ocean_menu_typo_font_size_unit":"px","ocean_menu_typo_font_weight":"","ocean_menu_typo_font_weight_tablet":"","ocean_menu_typo_font_weight_mobile":"","ocean_menu_typo_transform":"","ocean_menu_typo_transform_tablet":"","ocean_menu_typo_transform_mobile":"","ocean_menu_typo_line_height":0,"ocean_menu_typo_line_height_tablet":0,"ocean_menu_typo_line_height_mobile":0,"ocean_menu_typo_line_height_unit":"","ocean_menu_typo_spacing":0,"ocean_menu_typo_spacing_tablet":0,"ocean_menu_typo_spacing_mobile":0,"ocean_menu_typo_spacing_unit":"","ocean_menu_link_color":"","ocean_menu_link_color_hover":"","ocean_menu_link_color_active":"","ocean_menu_link_background":"","ocean_menu_link_hover_background":"","ocean_menu_link_active_background":"","ocean_menu_social_links_bg":"","ocean_menu_social_hover_links_bg":"","ocean_menu_social_links_color":"","ocean_menu_social_hover_links_color":"","ocean_disable_title":"default","ocean_disable_heading":"default","ocean_post_title":"","ocean_post_subheading":"","ocean_post_title_style":"","ocean_post_title_background_color":"","ocean_post_title_background":0,"ocean_post_title_bg_image_position":"","ocean_post_title_bg_image_attachment":"","ocean_post_title_bg_image_repeat":"","ocean_post_title_bg_image_size":"","ocean_post_title_height":0,"ocean_post_title_bg_overlay":0.5,"ocean_post_title_bg_overlay_color":"","ocean_disable_breadcrumbs":"default","ocean_breadcrumbs_color":"","ocean_breadcrumbs_separator_color":"","ocean_breadcrumbs_links_color":"","ocean_breadcrumbs_links_hover_color":"","ocean_display_footer_widgets":"default","ocean_display_footer_bottom":"default","ocean_custom_footer_template":"","footnotes":""},"class_list":["post-2238","page","type-page","status-publish","hentry","entry"],"yoast_head":"<!-- This site is optimized with the Yoast SEO plugin v26.4 - https:\/\/yoast.com\/wordpress\/plugins\/seo\/ -->\n<title>Politique de confidentialit\u00e9 &#060; Axel Srl<\/title>\n<meta name=\"robots\" content=\"index, follow, max-snippet:-1, max-image-preview:large, max-video-preview:-1\" \/>\n<link rel=\"canonical\" href=\"https:\/\/www.axel.be\/index.php\/politique-de-confidentialite\/\" \/>\n<meta property=\"og:locale\" content=\"fr_FR\" \/>\n<meta property=\"og:type\" content=\"article\" \/>\n<meta property=\"og:title\" content=\"Politique de confidentialit\u00e9 &#060; Axel Srl\" \/>\n<meta property=\"og:description\" content=\"But de cette politique de confidentialit\u00e9&nbsp; Le but de cette politique de confidentialit\u00e9 est d&rsquo;informer les utilisateurs de notre site des donn\u00e9es personnelles que nous recueillerons ainsi que les informations suivantes le cas \u00e9ch\u00e9ant :&nbsp; a. L&rsquo;utilisation des donn\u00e9es recueillies b. La politique de cookies du site&nbsp; Cette politique de confidentialit\u00e9 fonctionne parall\u00e8lement aux conditions [&hellip;]\" \/>\n<meta property=\"og:url\" content=\"https:\/\/www.axel.be\/index.php\/politique-de-confidentialite\/\" \/>\n<meta property=\"og:site_name\" content=\"Axel Srl\" \/>\n<meta property=\"article:publisher\" content=\"https:\/\/www.facebook.com\/profile.php?id=100057447099628\" \/>\n<meta property=\"article:modified_time\" content=\"2024-04-03T09:28:57+00:00\" \/>\n<meta name=\"twitter:card\" content=\"summary_large_image\" \/>\n<meta name=\"twitter:label1\" content=\"Dur\u00e9e de lecture estim\u00e9e\" \/>\n\t<meta name=\"twitter:data1\" content=\"2 minutes\" \/>\n<script type=\"application\/ld+json\" class=\"yoast-schema-graph\">{\"@context\":\"https:\/\/schema.org\",\"@graph\":[{\"@type\":\"WebPage\",\"@id\":\"https:\/\/www.axel.be\/index.php\/politique-de-confidentialite\/\",\"url\":\"https:\/\/www.axel.be\/index.php\/politique-de-confidentialite\/\",\"name\":\"Politique de confidentialit\u00e9 &#060; Axel Srl\",\"isPartOf\":{\"@id\":\"https:\/\/www.axel.be\/#website\"},\"datePublished\":\"2023-09-27T09:08:04+00:00\",\"dateModified\":\"2024-04-03T09:28:57+00:00\",\"breadcrumb\":{\"@id\":\"https:\/\/www.axel.be\/index.php\/politique-de-confidentialite\/#breadcrumb\"},\"inLanguage\":\"fr-FR\",\"potentialAction\":[{\"@type\":\"ReadAction\",\"target\":[\"https:\/\/www.axel.be\/index.php\/politique-de-confidentialite\/\"]}]},{\"@type\":\"BreadcrumbList\",\"@id\":\"https:\/\/www.axel.be\/index.php\/politique-de-confidentialite\/#breadcrumb\",\"itemListElement\":[{\"@type\":\"ListItem\",\"position\":1,\"name\":\"Accueil\",\"item\":\"https:\/\/www.axel.be\/\"},{\"@type\":\"ListItem\",\"position\":2,\"name\":\"Politique de confidentialit\u00e9\"}]},{\"@type\":\"WebSite\",\"@id\":\"https:\/\/www.axel.be\/#website\",\"url\":\"https:\/\/www.axel.be\/\",\"name\":\"Axel Srl\",\"description\":\"Informatique\",\"publisher\":{\"@id\":\"https:\/\/www.axel.be\/#organization\"},\"potentialAction\":[{\"@type\":\"SearchAction\",\"target\":{\"@type\":\"EntryPoint\",\"urlTemplate\":\"https:\/\/www.axel.be\/?s={search_term_string}\"},\"query-input\":{\"@type\":\"PropertyValueSpecification\",\"valueRequired\":true,\"valueName\":\"search_term_string\"}}],\"inLanguage\":\"fr-FR\"},{\"@type\":\"Organization\",\"@id\":\"https:\/\/www.axel.be\/#organization\",\"name\":\"Axel Srl\",\"url\":\"https:\/\/www.axel.be\/\",\"logo\":{\"@type\":\"ImageObject\",\"inLanguage\":\"fr-FR\",\"@id\":\"https:\/\/www.axel.be\/#\/schema\/logo\/image\/\",\"url\":\"https:\/\/www.axel.be\/wp-content\/uploads\/2024\/05\/cropped-Logo-Axel-2023_500px.jpg\",\"contentUrl\":\"https:\/\/www.axel.be\/wp-content\/uploads\/2024\/05\/cropped-Logo-Axel-2023_500px.jpg\",\"width\":500,\"height\":390,\"caption\":\"Axel Srl\"},\"image\":{\"@id\":\"https:\/\/www.axel.be\/#\/schema\/logo\/image\/\"},\"sameAs\":[\"https:\/\/www.facebook.com\/profile.php?id=100057447099628\",\"https:\/\/www.linkedin.com\/company\/axel-sprl\/?viewAsMember=true\"]}]}<\/script>\n<!-- \/ Yoast SEO plugin. -->","yoast_head_json":{"title":"Politique de confidentialit\u00e9 &#060; Axel Srl","robots":{"index":"index","follow":"follow","max-snippet":"max-snippet:-1","max-image-preview":"max-image-preview:large","max-video-preview":"max-video-preview:-1"},"canonical":"https:\/\/www.axel.be\/index.php\/politique-de-confidentialite\/","og_locale":"fr_FR","og_type":"article","og_title":"Politique de confidentialit\u00e9 &#060; Axel Srl","og_description":"But de cette politique de confidentialit\u00e9&nbsp; Le but de cette politique de confidentialit\u00e9 est d&rsquo;informer les utilisateurs de notre site des donn\u00e9es personnelles que nous recueillerons ainsi que les informations suivantes le cas \u00e9ch\u00e9ant :&nbsp; a. L&rsquo;utilisation des donn\u00e9es recueillies b. La politique de cookies du site&nbsp; Cette politique de confidentialit\u00e9 fonctionne parall\u00e8lement aux conditions [&hellip;]","og_url":"https:\/\/www.axel.be\/index.php\/politique-de-confidentialite\/","og_site_name":"Axel Srl","article_publisher":"https:\/\/www.facebook.com\/profile.php?id=100057447099628","article_modified_time":"2024-04-03T09:28:57+00:00","twitter_card":"summary_large_image","twitter_misc":{"Dur\u00e9e de lecture estim\u00e9e":"2 minutes"},"schema":{"@context":"https:\/\/schema.org","@graph":[{"@type":"WebPage","@id":"https:\/\/www.axel.be\/index.php\/politique-de-confidentialite\/","url":"https:\/\/www.axel.be\/index.php\/politique-de-confidentialite\/","name":"Politique de confidentialit\u00e9 &#060; Axel Srl","isPartOf":{"@id":"https:\/\/www.axel.be\/#website"},"datePublished":"2023-09-27T09:08:04+00:00","dateModified":"2024-04-03T09:28:57+00:00","breadcrumb":{"@id":"https:\/\/www.axel.be\/index.php\/politique-de-confidentialite\/#breadcrumb"},"inLanguage":"fr-FR","potentialAction":[{"@type":"ReadAction","target":["https:\/\/www.axel.be\/index.php\/politique-de-confidentialite\/"]}]},{"@type":"BreadcrumbList","@id":"https:\/\/www.axel.be\/index.php\/politique-de-confidentialite\/#breadcrumb","itemListElement":[{"@type":"ListItem","position":1,"name":"Accueil","item":"https:\/\/www.axel.be\/"},{"@type":"ListItem","position":2,"name":"Politique de confidentialit\u00e9"}]},{"@type":"WebSite","@id":"https:\/\/www.axel.be\/#website","url":"https:\/\/www.axel.be\/","name":"Axel Srl","description":"Informatique","publisher":{"@id":"https:\/\/www.axel.be\/#organization"},"potentialAction":[{"@type":"SearchAction","target":{"@type":"EntryPoint","urlTemplate":"https:\/\/www.axel.be\/?s={search_term_string}"},"query-input":{"@type":"PropertyValueSpecification","valueRequired":true,"valueName":"search_term_string"}}],"inLanguage":"fr-FR"},{"@type":"Organization","@id":"https:\/\/www.axel.be\/#organization","name":"Axel Srl","url":"https:\/\/www.axel.be\/","logo":{"@type":"ImageObject","inLanguage":"fr-FR","@id":"https:\/\/www.axel.be\/#\/schema\/logo\/image\/","url":"https:\/\/www.axel.be\/wp-content\/uploads\/2024\/05\/cropped-Logo-Axel-2023_500px.jpg","contentUrl":"https:\/\/www.axel.be\/wp-content\/uploads\/2024\/05\/cropped-Logo-Axel-2023_500px.jpg","width":500,"height":390,"caption":"Axel Srl"},"image":{"@id":"https:\/\/www.axel.be\/#\/schema\/logo\/image\/"},"sameAs":["https:\/\/www.facebook.com\/profile.php?id=100057447099628","https:\/\/www.linkedin.com\/company\/axel-sprl\/?viewAsMember=true"]}]}},"_links":{"self":[{"href":"https:\/\/www.axel.be\/index.php\/wp-json\/wp\/v2\/pages\/2238","targetHints":{"allow":["GET"]}}],"collection":[{"href":"https:\/\/www.axel.be\/index.php\/wp-json\/wp\/v2\/pages"}],"about":[{"href":"https:\/\/www.axel.be\/index.php\/wp-json\/wp\/v2\/types\/page"}],"author":[{"embeddable":true,"href":"https:\/\/www.axel.be\/index.php\/wp-json\/wp\/v2\/users\/3"}],"replies":[{"embeddable":true,"href":"https:\/\/www.axel.be\/index.php\/wp-json\/wp\/v2\/comments?post=2238"}],"version-history":[{"count":29,"href":"https:\/\/www.axel.be\/index.php\/wp-json\/wp\/v2\/pages\/2238\/revisions"}],"predecessor-version":[{"id":2764,"href":"https:\/\/www.axel.be\/index.php\/wp-json\/wp\/v2\/pages\/2238\/revisions\/2764"}],"wp:attachment":[{"href":"https:\/\/www.axel.be\/index.php\/wp-json\/wp\/v2\/media?parent=2238"}],"curies":[{"name":"wp","href":"https:\/\/api.w.org\/{rel}","templated":true}]}}