{"id":163,"date":"2023-08-22T14:11:58","date_gmt":"2023-08-22T12:11:58","guid":{"rendered":"https:\/\/www2.axel.be\/?page_id=163"},"modified":"2023-11-10T11:43:05","modified_gmt":"2023-11-10T10:43:05","slug":"solutions-logicielles","status":"publish","type":"page","link":"https:\/\/www.axel.be\/index.php\/solutions-logicielles\/","title":{"rendered":"Solutions logicielles"},"content":{"rendered":"\t\t<div data-elementor-type=\"wp-page\" data-elementor-id=\"163\" class=\"elementor elementor-163\">\n\t\t\t\t\t\t<section class=\"elementor-section elementor-top-section elementor-element elementor-element-f241bb7 elementor-section-boxed elementor-section-height-default elementor-section-height-default\" data-id=\"f241bb7\" data-element_type=\"section\">\n\t\t\t\t\t\t<div class=\"elementor-container elementor-column-gap-default\">\n\t\t\t\t\t<div class=\"elementor-column elementor-col-100 elementor-top-column elementor-element elementor-element-2fc6f2a\" data-id=\"2fc6f2a\" data-element_type=\"column\">\n\t\t\t<div class=\"elementor-widget-wrap elementor-element-populated\">\n\t\t\t\t\t\t<div class=\"elementor-element elementor-element-9661a73 elementor-widget elementor-widget-text-editor\" data-id=\"9661a73\" data-element_type=\"widget\" data-widget_type=\"text-editor.default\">\n\t\t\t\t<div class=\"elementor-widget-container\">\n\t\t\t\t\t\t\t\t\t<p>Depuis plus de 24 ans nous avons \u00e0 c\u0153ur de proposer \u00e0 nos clients des solutions sur mesure et personnalis\u00e9es. Fort de nos nombreuses ann\u00e9es d&rsquo;exp\u00e9rience, nous avons appris \u00e0 concr\u00e9tiser les besoins de nos clients en mettant au point des solutions logicielles (full web ou autres) pour les besoins sp\u00e9cifiques de votre entreprise.<\/p>\t\t\t\t\t\t\t\t<\/div>\n\t\t\t\t<\/div>\n\t\t\t\t\t<\/div>\n\t\t<\/div>\n\t\t\t\t\t<\/div>\n\t\t<\/section>\n\t\t\t\t<section class=\"elementor-section elementor-top-section elementor-element elementor-element-737f412 elementor-section-boxed elementor-section-height-default elementor-section-height-default\" data-id=\"737f412\" data-element_type=\"section\">\n\t\t\t\t\t\t<div class=\"elementor-container elementor-column-gap-default\">\n\t\t\t\t\t<div class=\"elementor-column elementor-col-100 elementor-top-column elementor-element elementor-element-06ce3d4\" data-id=\"06ce3d4\" data-element_type=\"column\">\n\t\t\t<div class=\"elementor-widget-wrap elementor-element-populated\">\n\t\t\t\t\t\t<div class=\"elementor-element elementor-element-12d331c elementor-widget elementor-widget-text-editor\" data-id=\"12d331c\" data-element_type=\"widget\" data-widget_type=\"text-editor.default\">\n\t\t\t\t<div class=\"elementor-widget-container\">\n\t\t\t\t\t\t\t\t\t<p>Actuellement nous avons d\u00e9velopp\u00e9 deux applications full web pour les TPE et PME dans divers secteurs d&rsquo;activit\u00e9. Toutes les deux ont \u00e9t\u00e9 con\u00e7ues sur la m\u00eame logique de facilit\u00e9 d&rsquo;utilisation et d&rsquo;intuitivit\u00e9. Elles ont \u00e9t\u00e9 adapt\u00e9es \u00e0 chaque besoins sp\u00e9cifiques de nos clients et peuvent encore \u00eatre ajust\u00e9es pour chaque domaine.&nbsp;<\/p>\t\t\t\t\t\t\t\t<\/div>\n\t\t\t\t<\/div>\n\t\t\t\t\t<\/div>\n\t\t<\/div>\n\t\t\t\t\t<\/div>\n\t\t<\/section>\n\t\t\t\t<section class=\"elementor-section elementor-top-section elementor-element elementor-element-cb301b9 elementor-section-boxed elementor-section-height-default elementor-section-height-default\" data-id=\"cb301b9\" data-element_type=\"section\">\n\t\t\t\t\t\t<div class=\"elementor-container elementor-column-gap-default\">\n\t\t\t\t\t<div class=\"elementor-column elementor-col-50 elementor-top-column elementor-element elementor-element-b4efa5c\" data-id=\"b4efa5c\" data-element_type=\"column\">\n\t\t\t<div class=\"elementor-widget-wrap elementor-element-populated\">\n\t\t\t\t\t\t<div class=\"elementor-element elementor-element-37b588d elementor-position-top elementor-widget elementor-widget-image-box\" data-id=\"37b588d\" data-element_type=\"widget\" data-widget_type=\"image-box.default\">\n\t\t\t\t<div class=\"elementor-widget-container\">\n\t\t\t\t\t<div class=\"elementor-image-box-wrapper\"><figure class=\"elementor-image-box-img\"><img decoding=\"async\" width=\"225\" height=\"92\" src=\"https:\/\/www.axel.be\/wp-content\/uploads\/2023\/08\/Capture-decran-2023-08-22-160830.png\" class=\"attachment-full size-full wp-image-208\" alt=\"\" \/><\/figure><div class=\"elementor-image-box-content\"><p class=\"elementor-image-box-description\">Application web d\u00e9velopp\u00e9e pour les TPE et PME pour centraliser toutes vos donn\u00e9es.<\/p><\/div><\/div>\t\t\t\t<\/div>\n\t\t\t\t<\/div>\n\t\t\t\t<div class=\"elementor-element elementor-element-191aa00 elementor-align-center elementor-widget elementor-widget-button\" data-id=\"191aa00\" data-element_type=\"widget\" data-widget_type=\"button.default\">\n\t\t\t\t<div class=\"elementor-widget-container\">\n\t\t\t\t\t\t\t\t\t<div class=\"elementor-button-wrapper\">\n\t\t\t\t\t<a class=\"elementor-button elementor-button-link elementor-size-xs elementor-animation-pulse-grow\" href=\"https:\/\/www2.axel.be\/index.php\/solutions-logicielles-lisa-generalites\/\" rel=\"nofollow noopener\" target=\"_blank\">\n\t\t\t\t\t\t<span class=\"elementor-button-content-wrapper\">\n\t\t\t\t\t\t\t\t\t<span class=\"elementor-button-text\">D\u00e9couvrir LISA<\/span>\n\t\t\t\t\t<\/span>\n\t\t\t\t\t<\/a>\n\t\t\t\t<\/div>\n\t\t\t\t\t\t\t\t<\/div>\n\t\t\t\t<\/div>\n\t\t\t\t\t<\/div>\n\t\t<\/div>\n\t\t\t\t<div class=\"elementor-column elementor-col-50 elementor-top-column elementor-element elementor-element-e8350f3\" data-id=\"e8350f3\" data-element_type=\"column\">\n\t\t\t<div class=\"elementor-widget-wrap elementor-element-populated\">\n\t\t\t\t\t\t<div class=\"elementor-element elementor-element-b27cafe elementor-position-top elementor-widget elementor-widget-image-box\" data-id=\"b27cafe\" data-element_type=\"widget\" data-widget_type=\"image-box.default\">\n\t\t\t\t<div class=\"elementor-widget-container\">\n\t\t\t\t\t<div class=\"elementor-image-box-wrapper\"><figure class=\"elementor-image-box-img\"><img fetchpriority=\"high\" decoding=\"async\" width=\"1360\" height=\"444\" src=\"https:\/\/www.axel.be\/wp-content\/uploads\/2023\/09\/Final-Jade-en-tete-1.jpg\" class=\"attachment-full size-full wp-image-2234\" alt=\"\" srcset=\"https:\/\/www.axel.be\/wp-content\/uploads\/2023\/09\/Final-Jade-en-tete-1.jpg 1360w, https:\/\/www.axel.be\/wp-content\/uploads\/2023\/09\/Final-Jade-en-tete-1-300x98.jpg 300w, https:\/\/www.axel.be\/wp-content\/uploads\/2023\/09\/Final-Jade-en-tete-1-1024x334.jpg 1024w, https:\/\/www.axel.be\/wp-content\/uploads\/2023\/09\/Final-Jade-en-tete-1-768x251.jpg 768w\" sizes=\"(max-width: 1360px) 100vw, 1360px\" \/><\/figure><div class=\"elementor-image-box-content\"><p class=\"elementor-image-box-description\">Application web d\u00e9velopp\u00e9e pour des secteurs d'activit\u00e9 en lien avec la sant\u00e9<\/p><\/div><\/div>\t\t\t\t<\/div>\n\t\t\t\t<\/div>\n\t\t\t\t<div class=\"elementor-element elementor-element-d3a9c13 elementor-align-center elementor-widget elementor-widget-button\" data-id=\"d3a9c13\" data-element_type=\"widget\" data-widget_type=\"button.default\">\n\t\t\t\t<div class=\"elementor-widget-container\">\n\t\t\t\t\t\t\t\t\t<div class=\"elementor-button-wrapper\">\n\t\t\t\t\t<a class=\"elementor-button elementor-button-link elementor-size-xs elementor-animation-pulse-grow\" href=\"https:\/\/www2.axel.be\/index.php\/jade-generalites\/\" rel=\"nofollow noopener\" target=\"_blank\">\n\t\t\t\t\t\t<span class=\"elementor-button-content-wrapper\">\n\t\t\t\t\t\t\t\t\t<span class=\"elementor-button-text\">D\u00e9couvrir JADE<\/span>\n\t\t\t\t\t<\/span>\n\t\t\t\t\t<\/a>\n\t\t\t\t<\/div>\n\t\t\t\t\t\t\t\t<\/div>\n\t\t\t\t<\/div>\n\t\t\t\t\t<\/div>\n\t\t<\/div>\n\t\t\t\t\t<\/div>\n\t\t<\/section>\n\t\t\t\t<section class=\"elementor-section elementor-top-section elementor-element elementor-element-fa94848 elementor-section-boxed elementor-section-height-default elementor-section-height-default\" data-id=\"fa94848\" data-element_type=\"section\">\n\t\t\t\t\t\t<div class=\"elementor-container elementor-column-gap-default\">\n\t\t\t\t\t<div class=\"elementor-column elementor-col-100 elementor-top-column elementor-element elementor-element-916db46\" data-id=\"916db46\" data-element_type=\"column\">\n\t\t\t<div class=\"elementor-widget-wrap elementor-element-populated\">\n\t\t\t\t\t\t<div class=\"elementor-element elementor-element-d2ea323 elementor-widget__width-initial elementor-widget elementor-widget-image\" data-id=\"d2ea323\" data-element_type=\"widget\" data-widget_type=\"image.default\">\n\t\t\t\t<div class=\"elementor-widget-container\">\n\t\t\t\t\t\t\t\t\t\t\t\t\t\t\t<img decoding=\"async\" width=\"500\" height=\"454\" src=\"https:\/\/www.axel.be\/wp-content\/uploads\/2023\/08\/cropped-Logo-Axel-2023_500px-1.jpg\" class=\"attachment-large size-large wp-image-802\" alt=\"\" srcset=\"https:\/\/www.axel.be\/wp-content\/uploads\/2023\/08\/cropped-Logo-Axel-2023_500px-1.jpg 500w, https:\/\/www.axel.be\/wp-content\/uploads\/2023\/08\/cropped-Logo-Axel-2023_500px-1-300x272.jpg 300w\" sizes=\"(max-width: 500px) 100vw, 500px\" \/>\t\t\t\t\t\t\t\t\t\t\t\t\t\t\t<\/div>\n\t\t\t\t<\/div>\n\t\t\t\t<div class=\"elementor-element elementor-element-7c9798c elementor-widget elementor-widget-text-editor\" data-id=\"7c9798c\" data-element_type=\"widget\" data-widget_type=\"text-editor.default\">\n\t\t\t\t<div class=\"elementor-widget-container\">\n\t\t\t\t\t\t\t\t\t<p>AXEL, votre partenaire informatique<\/p>\t\t\t\t\t\t\t\t<\/div>\n\t\t\t\t<\/div>\n\t\t\t\t\t<\/div>\n\t\t<\/div>\n\t\t\t\t\t<\/div>\n\t\t<\/section>\n\t\t\t\t<\/div>\n\t\t","protected":false},"excerpt":{"rendered":"<p>Depuis plus de 24 ans nous avons \u00e0 c\u0153ur de proposer \u00e0 nos clients des solutions sur mesure et personnalis\u00e9es. Fort de nos nombreuses ann\u00e9es d&rsquo;exp\u00e9rience, nous avons appris \u00e0 concr\u00e9tiser les besoins de nos clients en mettant au point des solutions logicielles (full web ou autres) pour les besoins sp\u00e9cifiques de votre entreprise. Actuellement [&hellip;]<\/p>\n","protected":false},"author":3,"featured_media":0,"parent":0,"menu_order":0,"comment_status":"closed","ping_status":"closed","template":"","meta":{"ocean_post_layout":"","ocean_both_sidebars_style":"","ocean_both_sidebars_content_width":0,"ocean_both_sidebars_sidebars_width":0,"ocean_sidebar":"0","ocean_second_sidebar":"0","ocean_disable_margins":"enable","ocean_add_body_class":"","ocean_shortcode_before_top_bar":"","ocean_shortcode_after_top_bar":"","ocean_shortcode_before_header":"","ocean_shortcode_after_header":"","ocean_has_shortcode":"","ocean_shortcode_after_title":"","ocean_shortcode_before_footer_widgets":"","ocean_shortcode_after_footer_widgets":"","ocean_shortcode_before_footer_bottom":"","ocean_shortcode_after_footer_bottom":"","ocean_display_top_bar":"default","ocean_display_header":"default","ocean_header_style":"","ocean_center_header_left_menu":"0","ocean_custom_header_template":"0","ocean_custom_logo":0,"ocean_custom_retina_logo":0,"ocean_custom_logo_max_width":0,"ocean_custom_logo_tablet_max_width":0,"ocean_custom_logo_mobile_max_width":0,"ocean_custom_logo_max_height":0,"ocean_custom_logo_tablet_max_height":0,"ocean_custom_logo_mobile_max_height":0,"ocean_header_custom_menu":"0","ocean_menu_typo_font_family":"0","ocean_menu_typo_font_subset":"","ocean_menu_typo_font_size":0,"ocean_menu_typo_font_size_tablet":0,"ocean_menu_typo_font_size_mobile":0,"ocean_menu_typo_font_size_unit":"px","ocean_menu_typo_font_weight":"","ocean_menu_typo_font_weight_tablet":"","ocean_menu_typo_font_weight_mobile":"","ocean_menu_typo_transform":"","ocean_menu_typo_transform_tablet":"","ocean_menu_typo_transform_mobile":"","ocean_menu_typo_line_height":0,"ocean_menu_typo_line_height_tablet":0,"ocean_menu_typo_line_height_mobile":0,"ocean_menu_typo_line_height_unit":"","ocean_menu_typo_spacing":0,"ocean_menu_typo_spacing_tablet":0,"ocean_menu_typo_spacing_mobile":0,"ocean_menu_typo_spacing_unit":"","ocean_menu_link_color":"","ocean_menu_link_color_hover":"","ocean_menu_link_color_active":"","ocean_menu_link_background":"","ocean_menu_link_hover_background":"","ocean_menu_link_active_background":"","ocean_menu_social_links_bg":"","ocean_menu_social_hover_links_bg":"","ocean_menu_social_links_color":"","ocean_menu_social_hover_links_color":"","ocean_disable_title":"default","ocean_disable_heading":"default","ocean_post_title":"","ocean_post_subheading":"","ocean_post_title_style":"","ocean_post_title_background_color":"","ocean_post_title_background":0,"ocean_post_title_bg_image_position":"","ocean_post_title_bg_image_attachment":"","ocean_post_title_bg_image_repeat":"","ocean_post_title_bg_image_size":"","ocean_post_title_height":0,"ocean_post_title_bg_overlay":0.5,"ocean_post_title_bg_overlay_color":"","ocean_disable_breadcrumbs":"default","ocean_breadcrumbs_color":"","ocean_breadcrumbs_separator_color":"","ocean_breadcrumbs_links_color":"","ocean_breadcrumbs_links_hover_color":"","ocean_display_footer_widgets":"default","ocean_display_footer_bottom":"default","ocean_custom_footer_template":"0","footnotes":""},"class_list":["post-163","page","type-page","status-publish","hentry","entry"],"yoast_head":"<!-- This site is optimized with the Yoast SEO plugin v26.4 - https:\/\/yoast.com\/wordpress\/plugins\/seo\/ -->\n<title>Axel Srl - Solutions logicielles<\/title>\n<meta name=\"description\" content=\"Chez Axel sprl, nous proposons des solutions logicielles personnalisable et sur mesure pour les besoins sp\u00e9cifiques de votre entreprise.\" \/>\n<meta name=\"robots\" content=\"index, follow, max-snippet:-1, max-image-preview:large, max-video-preview:-1\" \/>\n<link rel=\"canonical\" href=\"https:\/\/www.axel.be\/index.php\/solutions-logicielles\/\" \/>\n<meta property=\"og:locale\" content=\"fr_FR\" \/>\n<meta property=\"og:type\" content=\"article\" \/>\n<meta property=\"og:title\" content=\"Axel Srl - Solutions logicielles\" \/>\n<meta property=\"og:description\" content=\"Chez Axel sprl, nous proposons des solutions logicielles personnalisable et sur mesure pour les besoins sp\u00e9cifiques de votre entreprise.\" \/>\n<meta property=\"og:url\" content=\"https:\/\/www.axel.be\/index.php\/solutions-logicielles\/\" \/>\n<meta property=\"og:site_name\" content=\"Axel Srl\" \/>\n<meta property=\"article:publisher\" content=\"https:\/\/www.facebook.com\/profile.php?id=100057447099628\" \/>\n<meta property=\"article:modified_time\" content=\"2023-11-10T10:43:05+00:00\" \/>\n<meta property=\"og:image\" content=\"https:\/\/www2.axel.be\/wp-content\/uploads\/2023\/08\/Capture-decran-2023-08-22-160830.png\" \/>\n<meta name=\"twitter:card\" content=\"summary_large_image\" \/>\n<meta name=\"twitter:label1\" content=\"Dur\u00e9e de lecture estim\u00e9e\" \/>\n\t<meta name=\"twitter:data1\" content=\"2 minutes\" \/>\n<script type=\"application\/ld+json\" class=\"yoast-schema-graph\">{\"@context\":\"https:\/\/schema.org\",\"@graph\":[{\"@type\":\"WebPage\",\"@id\":\"https:\/\/www.axel.be\/index.php\/solutions-logicielles\/\",\"url\":\"https:\/\/www.axel.be\/index.php\/solutions-logicielles\/\",\"name\":\"Axel Srl - Solutions logicielles\",\"isPartOf\":{\"@id\":\"https:\/\/www.axel.be\/#website\"},\"primaryImageOfPage\":{\"@id\":\"https:\/\/www.axel.be\/index.php\/solutions-logicielles\/#primaryimage\"},\"image\":{\"@id\":\"https:\/\/www.axel.be\/index.php\/solutions-logicielles\/#primaryimage\"},\"thumbnailUrl\":\"https:\/\/www2.axel.be\/wp-content\/uploads\/2023\/08\/Capture-decran-2023-08-22-160830.png\",\"datePublished\":\"2023-08-22T12:11:58+00:00\",\"dateModified\":\"2023-11-10T10:43:05+00:00\",\"description\":\"Chez Axel sprl, nous proposons des solutions logicielles personnalisable et sur mesure pour les besoins sp\u00e9cifiques de votre entreprise.\",\"breadcrumb\":{\"@id\":\"https:\/\/www.axel.be\/index.php\/solutions-logicielles\/#breadcrumb\"},\"inLanguage\":\"fr-FR\",\"potentialAction\":[{\"@type\":\"ReadAction\",\"target\":[\"https:\/\/www.axel.be\/index.php\/solutions-logicielles\/\"]}]},{\"@type\":\"ImageObject\",\"inLanguage\":\"fr-FR\",\"@id\":\"https:\/\/www.axel.be\/index.php\/solutions-logicielles\/#primaryimage\",\"url\":\"https:\/\/www2.axel.be\/wp-content\/uploads\/2023\/08\/Capture-decran-2023-08-22-160830.png\",\"contentUrl\":\"https:\/\/www2.axel.be\/wp-content\/uploads\/2023\/08\/Capture-decran-2023-08-22-160830.png\"},{\"@type\":\"BreadcrumbList\",\"@id\":\"https:\/\/www.axel.be\/index.php\/solutions-logicielles\/#breadcrumb\",\"itemListElement\":[{\"@type\":\"ListItem\",\"position\":1,\"name\":\"Accueil\",\"item\":\"https:\/\/www.axel.be\/\"},{\"@type\":\"ListItem\",\"position\":2,\"name\":\"Solutions logicielles\"}]},{\"@type\":\"WebSite\",\"@id\":\"https:\/\/www.axel.be\/#website\",\"url\":\"https:\/\/www.axel.be\/\",\"name\":\"Axel Srl\",\"description\":\"Informatique\",\"publisher\":{\"@id\":\"https:\/\/www.axel.be\/#organization\"},\"potentialAction\":[{\"@type\":\"SearchAction\",\"target\":{\"@type\":\"EntryPoint\",\"urlTemplate\":\"https:\/\/www.axel.be\/?s={search_term_string}\"},\"query-input\":{\"@type\":\"PropertyValueSpecification\",\"valueRequired\":true,\"valueName\":\"search_term_string\"}}],\"inLanguage\":\"fr-FR\"},{\"@type\":\"Organization\",\"@id\":\"https:\/\/www.axel.be\/#organization\",\"name\":\"Axel Srl\",\"url\":\"https:\/\/www.axel.be\/\",\"logo\":{\"@type\":\"ImageObject\",\"inLanguage\":\"fr-FR\",\"@id\":\"https:\/\/www.axel.be\/#\/schema\/logo\/image\/\",\"url\":\"https:\/\/www.axel.be\/wp-content\/uploads\/2024\/05\/cropped-Logo-Axel-2023_500px.jpg\",\"contentUrl\":\"https:\/\/www.axel.be\/wp-content\/uploads\/2024\/05\/cropped-Logo-Axel-2023_500px.jpg\",\"width\":500,\"height\":390,\"caption\":\"Axel Srl\"},\"image\":{\"@id\":\"https:\/\/www.axel.be\/#\/schema\/logo\/image\/\"},\"sameAs\":[\"https:\/\/www.facebook.com\/profile.php?id=100057447099628\",\"https:\/\/www.linkedin.com\/company\/axel-sprl\/?viewAsMember=true\"]}]}<\/script>\n<!-- \/ Yoast SEO plugin. -->","yoast_head_json":{"title":"Axel Srl - Solutions logicielles","description":"Chez Axel sprl, nous proposons des solutions logicielles personnalisable et sur mesure pour les besoins sp\u00e9cifiques de votre entreprise.","robots":{"index":"index","follow":"follow","max-snippet":"max-snippet:-1","max-image-preview":"max-image-preview:large","max-video-preview":"max-video-preview:-1"},"canonical":"https:\/\/www.axel.be\/index.php\/solutions-logicielles\/","og_locale":"fr_FR","og_type":"article","og_title":"Axel Srl - Solutions logicielles","og_description":"Chez Axel sprl, nous proposons des solutions logicielles personnalisable et sur mesure pour les besoins sp\u00e9cifiques de votre entreprise.","og_url":"https:\/\/www.axel.be\/index.php\/solutions-logicielles\/","og_site_name":"Axel Srl","article_publisher":"https:\/\/www.facebook.com\/profile.php?id=100057447099628","article_modified_time":"2023-11-10T10:43:05+00:00","og_image":[{"url":"https:\/\/www2.axel.be\/wp-content\/uploads\/2023\/08\/Capture-decran-2023-08-22-160830.png","type":"","width":"","height":""}],"twitter_card":"summary_large_image","twitter_misc":{"Dur\u00e9e de lecture estim\u00e9e":"2 minutes"},"schema":{"@context":"https:\/\/schema.org","@graph":[{"@type":"WebPage","@id":"https:\/\/www.axel.be\/index.php\/solutions-logicielles\/","url":"https:\/\/www.axel.be\/index.php\/solutions-logicielles\/","name":"Axel Srl - Solutions logicielles","isPartOf":{"@id":"https:\/\/www.axel.be\/#website"},"primaryImageOfPage":{"@id":"https:\/\/www.axel.be\/index.php\/solutions-logicielles\/#primaryimage"},"image":{"@id":"https:\/\/www.axel.be\/index.php\/solutions-logicielles\/#primaryimage"},"thumbnailUrl":"https:\/\/www2.axel.be\/wp-content\/uploads\/2023\/08\/Capture-decran-2023-08-22-160830.png","datePublished":"2023-08-22T12:11:58+00:00","dateModified":"2023-11-10T10:43:05+00:00","description":"Chez Axel sprl, nous proposons des solutions logicielles personnalisable et sur mesure pour les besoins sp\u00e9cifiques de votre entreprise.","breadcrumb":{"@id":"https:\/\/www.axel.be\/index.php\/solutions-logicielles\/#breadcrumb"},"inLanguage":"fr-FR","potentialAction":[{"@type":"ReadAction","target":["https:\/\/www.axel.be\/index.php\/solutions-logicielles\/"]}]},{"@type":"ImageObject","inLanguage":"fr-FR","@id":"https:\/\/www.axel.be\/index.php\/solutions-logicielles\/#primaryimage","url":"https:\/\/www2.axel.be\/wp-content\/uploads\/2023\/08\/Capture-decran-2023-08-22-160830.png","contentUrl":"https:\/\/www2.axel.be\/wp-content\/uploads\/2023\/08\/Capture-decran-2023-08-22-160830.png"},{"@type":"BreadcrumbList","@id":"https:\/\/www.axel.be\/index.php\/solutions-logicielles\/#breadcrumb","itemListElement":[{"@type":"ListItem","position":1,"name":"Accueil","item":"https:\/\/www.axel.be\/"},{"@type":"ListItem","position":2,"name":"Solutions logicielles"}]},{"@type":"WebSite","@id":"https:\/\/www.axel.be\/#website","url":"https:\/\/www.axel.be\/","name":"Axel Srl","description":"Informatique","publisher":{"@id":"https:\/\/www.axel.be\/#organization"},"potentialAction":[{"@type":"SearchAction","target":{"@type":"EntryPoint","urlTemplate":"https:\/\/www.axel.be\/?s={search_term_string}"},"query-input":{"@type":"PropertyValueSpecification","valueRequired":true,"valueName":"search_term_string"}}],"inLanguage":"fr-FR"},{"@type":"Organization","@id":"https:\/\/www.axel.be\/#organization","name":"Axel Srl","url":"https:\/\/www.axel.be\/","logo":{"@type":"ImageObject","inLanguage":"fr-FR","@id":"https:\/\/www.axel.be\/#\/schema\/logo\/image\/","url":"https:\/\/www.axel.be\/wp-content\/uploads\/2024\/05\/cropped-Logo-Axel-2023_500px.jpg","contentUrl":"https:\/\/www.axel.be\/wp-content\/uploads\/2024\/05\/cropped-Logo-Axel-2023_500px.jpg","width":500,"height":390,"caption":"Axel Srl"},"image":{"@id":"https:\/\/www.axel.be\/#\/schema\/logo\/image\/"},"sameAs":["https:\/\/www.facebook.com\/profile.php?id=100057447099628","https:\/\/www.linkedin.com\/company\/axel-sprl\/?viewAsMember=true"]}]}},"_links":{"self":[{"href":"https:\/\/www.axel.be\/index.php\/wp-json\/wp\/v2\/pages\/163","targetHints":{"allow":["GET"]}}],"collection":[{"href":"https:\/\/www.axel.be\/index.php\/wp-json\/wp\/v2\/pages"}],"about":[{"href":"https:\/\/www.axel.be\/index.php\/wp-json\/wp\/v2\/types\/page"}],"author":[{"embeddable":true,"href":"https:\/\/www.axel.be\/index.php\/wp-json\/wp\/v2\/users\/3"}],"replies":[{"embeddable":true,"href":"https:\/\/www.axel.be\/index.php\/wp-json\/wp\/v2\/comments?post=163"}],"version-history":[{"count":147,"href":"https:\/\/www.axel.be\/index.php\/wp-json\/wp\/v2\/pages\/163\/revisions"}],"predecessor-version":[{"id":2473,"href":"https:\/\/www.axel.be\/index.php\/wp-json\/wp\/v2\/pages\/163\/revisions\/2473"}],"wp:attachment":[{"href":"https:\/\/www.axel.be\/index.php\/wp-json\/wp\/v2\/media?parent=163"}],"curies":[{"name":"wp","href":"https:\/\/api.w.org\/{rel}","templated":true}]}}